{"id":214,"date":"2023-10-24T08:16:15","date_gmt":"2023-10-24T06:16:15","guid":{"rendered":"https:\/\/neoformabcn.com\/reparacions\/"},"modified":"2023-11-08T12:39:01","modified_gmt":"2023-11-08T11:39:01","slug":"reparaciones","status":"publish","type":"page","link":"https:\/\/neoformabcn.com\/es\/servicios\/reparaciones\/","title":{"rendered":"Reparaciones"},"content":{"rendered":"\n<header class=\"wp-block-cover alignfull is-light\" style=\"min-height:50vh\"><span aria-hidden=\"true\" class=\"wp-block-cover__background has-background-dim-0 has-background-dim\"><\/span><img loading=\"lazy\" decoding=\"async\" width=\"1920\" height=\"1278\" class=\"wp-block-cover__image-background wp-image-199\" alt=\"\" src=\"https:\/\/neoformabcn.com\/wp-content\/uploads\/2023\/10\/manteminiento.jpg\" data-object-fit=\"cover\" srcset=\"https:\/\/neoformabcn.com\/wp-content\/uploads\/2023\/10\/manteminiento.jpg 1920w, https:\/\/neoformabcn.com\/wp-content\/uploads\/2023\/10\/manteminiento-400x266.jpg 400w, https:\/\/neoformabcn.com\/wp-content\/uploads\/2023\/10\/manteminiento-768x511.jpg 768w, https:\/\/neoformabcn.com\/wp-content\/uploads\/2023\/10\/manteminiento-1600x1065.jpg 1600w, https:\/\/neoformabcn.com\/wp-content\/uploads\/2023\/10\/manteminiento-1536x1022.jpg 1536w, https:\/\/neoformabcn.com\/wp-content\/uploads\/2023\/10\/manteminiento-300x200.jpg 300w\" sizes=\"(max-width: 1920px) 100vw, 1920px\" \/><div class=\"wp-block-cover__inner-container is-layout-constrained wp-block-cover-is-layout-constrained\">\n<p class=\"has-text-align-center has-large-font-size\"><\/p>\n<\/div><\/header>\n\n\n\n<div class=\"wp-block-group alignfull is-style-section is-layout-constrained wp-block-group-is-layout-constrained\">\n<div class=\"wp-block-group aligncenter is-layout-constrained wp-block-group-is-layout-constrained\"><h2 class=\"wp-block-post-title\">Reparaciones<\/h2>\n\n\n<p>Peque\u00f1a reparaci\u00f3n en general de todo tipo. Cambio ba\u00f1era por ducha, etc.<\/p>\n<\/div>\n<\/div>\n\n\n\n<section class=\"wp-block-group alignfull is-style-section galleria-masonry__wrapper is-layout-constrained wp-block-group-is-layout-constrained\">\n<div class=\"wp-block-group alignwide is-style-default galleria-masonry__inner-wrapper is-layout-flow wp-block-group-is-layout-flow\">\n<div class=\"wp-block-migb-masonry-gallery migb_ea2788b3 galleria-masonry\" data-id=\"ea2788b3\" id=\"ea2788b3\"><a class=\"single-gallery-image none\" href=\"https:\/\/neoformabcn.com\/wp-content\/uploads\/2023\/11\/reparacions-1.jpg\" role=\"button\"><figure><img loading=\"lazy\" decoding=\"async\" width=\"1080\" height=\"1920\" src=\"https:\/\/neoformabcn.com\/wp-content\/uploads\/2023\/11\/reparacions-1.jpg\" alt=\"Gallery Image\" class=\"wp-image-659\" srcset=\"https:\/\/neoformabcn.com\/wp-content\/uploads\/2023\/11\/reparacions-1.jpg 1080w, https:\/\/neoformabcn.com\/wp-content\/uploads\/2023\/11\/reparacions-1-152x270.jpg 152w, https:\/\/neoformabcn.com\/wp-content\/uploads\/2023\/11\/reparacions-1-768x1365.jpg 768w, https:\/\/neoformabcn.com\/wp-content\/uploads\/2023\/11\/reparacions-1-864x1536.jpg 864w, https:\/\/neoformabcn.com\/wp-content\/uploads\/2023\/11\/reparacions-1-169x300.jpg 169w\" sizes=\"(max-width: 1080px) 100vw, 1080px\" \/><\/figure><\/a><a class=\"single-gallery-image none\" href=\"https:\/\/neoformabcn.com\/wp-content\/uploads\/2023\/11\/reparacions-15fedde9-a1c9-40cf-a682-e699173bbb12.jpg\" role=\"button\"><figure><img loading=\"lazy\" decoding=\"async\" width=\"768\" height=\"1024\" src=\"https:\/\/neoformabcn.com\/wp-content\/uploads\/2023\/11\/reparacions-15fedde9-a1c9-40cf-a682-e699173bbb12.jpg\" alt=\"Gallery Image\" class=\"wp-image-661\" srcset=\"https:\/\/neoformabcn.com\/wp-content\/uploads\/2023\/11\/reparacions-15fedde9-a1c9-40cf-a682-e699173bbb12.jpg 768w, https:\/\/neoformabcn.com\/wp-content\/uploads\/2023\/11\/reparacions-15fedde9-a1c9-40cf-a682-e699173bbb12-203x270.jpg 203w, https:\/\/neoformabcn.com\/wp-content\/uploads\/2023\/11\/reparacions-15fedde9-a1c9-40cf-a682-e699173bbb12-225x300.jpg 225w\" sizes=\"(max-width: 768px) 100vw, 768px\" \/><\/figure><\/a><a class=\"single-gallery-image none\" href=\"https:\/\/neoformabcn.com\/wp-content\/uploads\/2023\/11\/reparacions-58fbd032-f702-4d34-b380-b9b1a48d71cc.jpg\" role=\"button\"><figure><img loading=\"lazy\" decoding=\"async\" width=\"1600\" height=\"1200\" src=\"https:\/\/neoformabcn.com\/wp-content\/uploads\/2023\/11\/reparacions-58fbd032-f702-4d34-b380-b9b1a48d71cc.jpg\" alt=\"Gallery Image\" class=\"wp-image-663\" srcset=\"https:\/\/neoformabcn.com\/wp-content\/uploads\/2023\/11\/reparacions-58fbd032-f702-4d34-b380-b9b1a48d71cc.jpg 1600w, https:\/\/neoformabcn.com\/wp-content\/uploads\/2023\/11\/reparacions-58fbd032-f702-4d34-b380-b9b1a48d71cc-360x270.jpg 360w, https:\/\/neoformabcn.com\/wp-content\/uploads\/2023\/11\/reparacions-58fbd032-f702-4d34-b380-b9b1a48d71cc-768x576.jpg 768w, https:\/\/neoformabcn.com\/wp-content\/uploads\/2023\/11\/reparacions-58fbd032-f702-4d34-b380-b9b1a48d71cc-1536x1152.jpg 1536w, https:\/\/neoformabcn.com\/wp-content\/uploads\/2023\/11\/reparacions-58fbd032-f702-4d34-b380-b9b1a48d71cc-300x225.jpg 300w\" sizes=\"(max-width: 1600px) 100vw, 1600px\" \/><\/figure><\/a><a class=\"single-gallery-image none\" href=\"https:\/\/neoformabcn.com\/wp-content\/uploads\/2023\/11\/reparacions-2479f0cd-4913-4b16-a492-67e0ce94c7c1.jpg\" role=\"button\"><figure><img loading=\"lazy\" decoding=\"async\" width=\"1500\" height=\"2000\" src=\"https:\/\/neoformabcn.com\/wp-content\/uploads\/2023\/11\/reparacions-2479f0cd-4913-4b16-a492-67e0ce94c7c1.jpg\" alt=\"Gallery Image\" class=\"wp-image-665\" srcset=\"https:\/\/neoformabcn.com\/wp-content\/uploads\/2023\/11\/reparacions-2479f0cd-4913-4b16-a492-67e0ce94c7c1.jpg 1500w, https:\/\/neoformabcn.com\/wp-content\/uploads\/2023\/11\/reparacions-2479f0cd-4913-4b16-a492-67e0ce94c7c1-203x270.jpg 203w, https:\/\/neoformabcn.com\/wp-content\/uploads\/2023\/11\/reparacions-2479f0cd-4913-4b16-a492-67e0ce94c7c1-768x1024.jpg 768w, https:\/\/neoformabcn.com\/wp-content\/uploads\/2023\/11\/reparacions-2479f0cd-4913-4b16-a492-67e0ce94c7c1-1152x1536.jpg 1152w, https:\/\/neoformabcn.com\/wp-content\/uploads\/2023\/11\/reparacions-2479f0cd-4913-4b16-a492-67e0ce94c7c1-225x300.jpg 225w\" sizes=\"(max-width: 1500px) 100vw, 1500px\" \/><\/figure><\/a><a class=\"single-gallery-image none\" href=\"https:\/\/neoformabcn.com\/wp-content\/uploads\/2023\/11\/reparacions-1610621607610.jpg\" role=\"button\"><figure><img loading=\"lazy\" decoding=\"async\" width=\"1600\" height=\"903\" src=\"https:\/\/neoformabcn.com\/wp-content\/uploads\/2023\/11\/reparacions-1610621607610.jpg\" alt=\"Gallery Image\" class=\"wp-image-667\" srcset=\"https:\/\/neoformabcn.com\/wp-content\/uploads\/2023\/11\/reparacions-1610621607610.jpg 1600w, https:\/\/neoformabcn.com\/wp-content\/uploads\/2023\/11\/reparacions-1610621607610-400x226.jpg 400w, https:\/\/neoformabcn.com\/wp-content\/uploads\/2023\/11\/reparacions-1610621607610-768x433.jpg 768w, https:\/\/neoformabcn.com\/wp-content\/uploads\/2023\/11\/reparacions-1610621607610-1536x867.jpg 1536w, https:\/\/neoformabcn.com\/wp-content\/uploads\/2023\/11\/reparacions-1610621607610-300x169.jpg 300w\" sizes=\"(max-width: 1600px) 100vw, 1600px\" \/><\/figure><\/a><a class=\"single-gallery-image none\" href=\"https:\/\/neoformabcn.com\/wp-content\/uploads\/2023\/11\/reparacions-a95fda99-a7f0-4c02-adf2-ee629ee7ff4a.jpg\" role=\"button\"><figure><img loading=\"lazy\" decoding=\"async\" width=\"1200\" height=\"1600\" src=\"https:\/\/neoformabcn.com\/wp-content\/uploads\/2023\/11\/reparacions-a95fda99-a7f0-4c02-adf2-ee629ee7ff4a.jpg\" alt=\"Gallery Image\" class=\"wp-image-669\" srcset=\"https:\/\/neoformabcn.com\/wp-content\/uploads\/2023\/11\/reparacions-a95fda99-a7f0-4c02-adf2-ee629ee7ff4a.jpg 1200w, https:\/\/neoformabcn.com\/wp-content\/uploads\/2023\/11\/reparacions-a95fda99-a7f0-4c02-adf2-ee629ee7ff4a-203x270.jpg 203w, https:\/\/neoformabcn.com\/wp-content\/uploads\/2023\/11\/reparacions-a95fda99-a7f0-4c02-adf2-ee629ee7ff4a-768x1024.jpg 768w, https:\/\/neoformabcn.com\/wp-content\/uploads\/2023\/11\/reparacions-a95fda99-a7f0-4c02-adf2-ee629ee7ff4a-1152x1536.jpg 1152w, https:\/\/neoformabcn.com\/wp-content\/uploads\/2023\/11\/reparacions-a95fda99-a7f0-4c02-adf2-ee629ee7ff4a-225x300.jpg 225w\" sizes=\"(max-width: 1200px) 100vw, 1200px\" \/><\/figure><\/a><a class=\"single-gallery-image none\" href=\"https:\/\/neoformabcn.com\/wp-content\/uploads\/2023\/11\/reparacions-bc1de56e-4276-4e58-b058-82e118cc5d09.jpg\" role=\"button\"><figure><img loading=\"lazy\" decoding=\"async\" width=\"1200\" height=\"1600\" src=\"https:\/\/neoformabcn.com\/wp-content\/uploads\/2023\/11\/reparacions-bc1de56e-4276-4e58-b058-82e118cc5d09.jpg\" alt=\"Gallery Image\" class=\"wp-image-671\" srcset=\"https:\/\/neoformabcn.com\/wp-content\/uploads\/2023\/11\/reparacions-bc1de56e-4276-4e58-b058-82e118cc5d09.jpg 1200w, https:\/\/neoformabcn.com\/wp-content\/uploads\/2023\/11\/reparacions-bc1de56e-4276-4e58-b058-82e118cc5d09-203x270.jpg 203w, https:\/\/neoformabcn.com\/wp-content\/uploads\/2023\/11\/reparacions-bc1de56e-4276-4e58-b058-82e118cc5d09-768x1024.jpg 768w, https:\/\/neoformabcn.com\/wp-content\/uploads\/2023\/11\/reparacions-bc1de56e-4276-4e58-b058-82e118cc5d09-1152x1536.jpg 1152w, https:\/\/neoformabcn.com\/wp-content\/uploads\/2023\/11\/reparacions-bc1de56e-4276-4e58-b058-82e118cc5d09-225x300.jpg 225w\" sizes=\"(max-width: 1200px) 100vw, 1200px\" \/><\/figure><\/a><a class=\"single-gallery-image none\" href=\"https:\/\/neoformabcn.com\/wp-content\/uploads\/2023\/11\/reparacions-imagen-006.jpg\" role=\"button\"><figure><img loading=\"lazy\" decoding=\"async\" width=\"1200\" height=\"1600\" src=\"https:\/\/neoformabcn.com\/wp-content\/uploads\/2023\/11\/reparacions-imagen-006.jpg\" alt=\"Gallery Image\" class=\"wp-image-673\" srcset=\"https:\/\/neoformabcn.com\/wp-content\/uploads\/2023\/11\/reparacions-imagen-006.jpg 1200w, https:\/\/neoformabcn.com\/wp-content\/uploads\/2023\/11\/reparacions-imagen-006-203x270.jpg 203w, https:\/\/neoformabcn.com\/wp-content\/uploads\/2023\/11\/reparacions-imagen-006-768x1024.jpg 768w, https:\/\/neoformabcn.com\/wp-content\/uploads\/2023\/11\/reparacions-imagen-006-1152x1536.jpg 1152w, https:\/\/neoformabcn.com\/wp-content\/uploads\/2023\/11\/reparacions-imagen-006-225x300.jpg 225w\" sizes=\"(max-width: 1200px) 100vw, 1200px\" \/><\/figure><\/a><a class=\"single-gallery-image none\" href=\"https:\/\/neoformabcn.com\/wp-content\/uploads\/2023\/11\/reparacions-img-20190910-103106.jpg\" role=\"button\"><figure><img loading=\"lazy\" decoding=\"async\" width=\"1920\" height=\"960\" src=\"https:\/\/neoformabcn.com\/wp-content\/uploads\/2023\/11\/reparacions-img-20190910-103106.jpg\" alt=\"Gallery Image\" class=\"wp-image-675\" srcset=\"https:\/\/neoformabcn.com\/wp-content\/uploads\/2023\/11\/reparacions-img-20190910-103106.jpg 1920w, https:\/\/neoformabcn.com\/wp-content\/uploads\/2023\/11\/reparacions-img-20190910-103106-400x200.jpg 400w, https:\/\/neoformabcn.com\/wp-content\/uploads\/2023\/11\/reparacions-img-20190910-103106-768x384.jpg 768w, https:\/\/neoformabcn.com\/wp-content\/uploads\/2023\/11\/reparacions-img-20190910-103106-1600x800.jpg 1600w, https:\/\/neoformabcn.com\/wp-content\/uploads\/2023\/11\/reparacions-img-20190910-103106-1536x768.jpg 1536w, https:\/\/neoformabcn.com\/wp-content\/uploads\/2023\/11\/reparacions-img-20190910-103106-300x150.jpg 300w\" sizes=\"(max-width: 1920px) 100vw, 1920px\" \/><\/figure><\/a><a class=\"single-gallery-image none\" href=\"https:\/\/neoformabcn.com\/wp-content\/uploads\/2023\/11\/reparacions-img-20191111-210841.jpg\" role=\"button\"><figure><img loading=\"lazy\" decoding=\"async\" width=\"1920\" height=\"960\" src=\"https:\/\/neoformabcn.com\/wp-content\/uploads\/2023\/11\/reparacions-img-20191111-210841.jpg\" alt=\"Gallery Image\" class=\"wp-image-677\" srcset=\"https:\/\/neoformabcn.com\/wp-content\/uploads\/2023\/11\/reparacions-img-20191111-210841.jpg 1920w, https:\/\/neoformabcn.com\/wp-content\/uploads\/2023\/11\/reparacions-img-20191111-210841-400x200.jpg 400w, https:\/\/neoformabcn.com\/wp-content\/uploads\/2023\/11\/reparacions-img-20191111-210841-768x384.jpg 768w, https:\/\/neoformabcn.com\/wp-content\/uploads\/2023\/11\/reparacions-img-20191111-210841-1600x800.jpg 1600w, https:\/\/neoformabcn.com\/wp-content\/uploads\/2023\/11\/reparacions-img-20191111-210841-1536x768.jpg 1536w, https:\/\/neoformabcn.com\/wp-content\/uploads\/2023\/11\/reparacions-img-20191111-210841-300x150.jpg 300w\" sizes=\"(max-width: 1920px) 100vw, 1920px\" \/><\/figure><\/a><a class=\"single-gallery-image none\" href=\"https:\/\/neoformabcn.com\/wp-content\/uploads\/2023\/11\/reparacions-img-20191115-152613.jpg\" role=\"button\"><figure><img loading=\"lazy\" decoding=\"async\" width=\"960\" height=\"1920\" src=\"https:\/\/neoformabcn.com\/wp-content\/uploads\/2023\/11\/reparacions-img-20191115-152613.jpg\" alt=\"Gallery Image\" class=\"wp-image-679\" srcset=\"https:\/\/neoformabcn.com\/wp-content\/uploads\/2023\/11\/reparacions-img-20191115-152613.jpg 960w, https:\/\/neoformabcn.com\/wp-content\/uploads\/2023\/11\/reparacions-img-20191115-152613-135x270.jpg 135w, https:\/\/neoformabcn.com\/wp-content\/uploads\/2023\/11\/reparacions-img-20191115-152613-768x1536.jpg 768w, https:\/\/neoformabcn.com\/wp-content\/uploads\/2023\/11\/reparacions-img-20191115-152613-150x300.jpg 150w\" sizes=\"(max-width: 960px) 100vw, 960px\" \/><\/figure><\/a><a class=\"single-gallery-image none\" href=\"https:\/\/neoformabcn.com\/wp-content\/uploads\/2023\/11\/reparacions-reparacion-estructural.jpg\" role=\"button\"><figure><img loading=\"lazy\" decoding=\"async\" width=\"1920\" height=\"1440\" src=\"https:\/\/neoformabcn.com\/wp-content\/uploads\/2023\/11\/reparacions-reparacion-estructural.jpg\" alt=\"Gallery Image\" class=\"wp-image-681\" srcset=\"https:\/\/neoformabcn.com\/wp-content\/uploads\/2023\/11\/reparacions-reparacion-estructural.jpg 1920w, https:\/\/neoformabcn.com\/wp-content\/uploads\/2023\/11\/reparacions-reparacion-estructural-360x270.jpg 360w, https:\/\/neoformabcn.com\/wp-content\/uploads\/2023\/11\/reparacions-reparacion-estructural-768x576.jpg 768w, https:\/\/neoformabcn.com\/wp-content\/uploads\/2023\/11\/reparacions-reparacion-estructural-1600x1200.jpg 1600w, https:\/\/neoformabcn.com\/wp-content\/uploads\/2023\/11\/reparacions-reparacion-estructural-1536x1152.jpg 1536w, https:\/\/neoformabcn.com\/wp-content\/uploads\/2023\/11\/reparacions-reparacion-estructural-300x225.jpg 300w\" sizes=\"(max-width: 1920px) 100vw, 1920px\" \/><\/figure><\/a><a class=\"single-gallery-image none\" href=\"https:\/\/neoformabcn.com\/wp-content\/uploads\/2023\/11\/reparacions-techo-colgante.jpg\" role=\"button\"><figure><img loading=\"lazy\" decoding=\"async\" width=\"1440\" height=\"1920\" src=\"https:\/\/neoformabcn.com\/wp-content\/uploads\/2023\/11\/reparacions-techo-colgante.jpg\" alt=\"Gallery Image\" class=\"wp-image-683\" srcset=\"https:\/\/neoformabcn.com\/wp-content\/uploads\/2023\/11\/reparacions-techo-colgante.jpg 1440w, https:\/\/neoformabcn.com\/wp-content\/uploads\/2023\/11\/reparacions-techo-colgante-203x270.jpg 203w, https:\/\/neoformabcn.com\/wp-content\/uploads\/2023\/11\/reparacions-techo-colgante-768x1024.jpg 768w, https:\/\/neoformabcn.com\/wp-content\/uploads\/2023\/11\/reparacions-techo-colgante-1152x1536.jpg 1152w, https:\/\/neoformabcn.com\/wp-content\/uploads\/2023\/11\/reparacions-techo-colgante-225x300.jpg 225w\" sizes=\"(max-width: 1440px) 100vw, 1440px\" \/><\/figure><\/a><\/div>\n<\/div>\n<\/section>\n\n\n","protected":false},"excerpt":{"rendered":"<p>Peque\u00f1a reparaci\u00f3n en general de todo tipo. Cambio ba\u00f1era por ducha, etc.<\/p>\n","protected":false},"author":1,"featured_media":0,"parent":224,"menu_order":22,"comment_status":"closed","ping_status":"closed","template":"","meta":{"_seopress_robots_primary_cat":"","_seopress_titles_title":"","_seopress_titles_desc":"","_seopress_robots_index":"","inline_featured_image":false,"footnotes":""},"_links":{"self":[{"href":"https:\/\/neoformabcn.com\/es\/wp-json\/wp\/v2\/pages\/214"}],"collection":[{"href":"https:\/\/neoformabcn.com\/es\/wp-json\/wp\/v2\/pages"}],"about":[{"href":"https:\/\/neoformabcn.com\/es\/wp-json\/wp\/v2\/types\/page"}],"author":[{"embeddable":true,"href":"https:\/\/neoformabcn.com\/es\/wp-json\/wp\/v2\/users\/1"}],"replies":[{"embeddable":true,"href":"https:\/\/neoformabcn.com\/es\/wp-json\/wp\/v2\/comments?post=214"}],"version-history":[{"count":0,"href":"https:\/\/neoformabcn.com\/es\/wp-json\/wp\/v2\/pages\/214\/revisions"}],"up":[{"embeddable":true,"href":"https:\/\/neoformabcn.com\/es\/wp-json\/wp\/v2\/pages\/224"}],"wp:attachment":[{"href":"https:\/\/neoformabcn.com\/es\/wp-json\/wp\/v2\/media?parent=214"}],"curies":[{"name":"wp","href":"https:\/\/api.w.org\/{rel}","templated":true}]}}