{"id":215,"date":"2023-10-24T08:13:35","date_gmt":"2023-10-24T06:13:35","guid":{"rendered":"https:\/\/neoformabcn.com\/paviments-i-revestiments\/"},"modified":"2023-11-08T12:37:43","modified_gmt":"2023-11-08T11:37:43","slug":"paviments-i-revestiments","status":"publish","type":"page","link":"https:\/\/neoformabcn.com\/es\/servicios\/paviments-i-revestiments\/","title":{"rendered":"Pavimentos y revestimientos"},"content":{"rendered":"\n<header class=\"wp-block-cover alignfull is-light\" style=\"min-height:50vh\"><span aria-hidden=\"true\" class=\"wp-block-cover__background has-background-dim-0 has-background-dim\"><\/span><img loading=\"lazy\" decoding=\"async\" width=\"1920\" height=\"615\" class=\"wp-block-cover__image-background wp-image-37\" alt=\"\" src=\"https:\/\/neoformabcn.com\/wp-content\/uploads\/2023\/10\/cabecera-sample-3.jpg\" data-object-fit=\"cover\" srcset=\"https:\/\/neoformabcn.com\/wp-content\/uploads\/2023\/10\/cabecera-sample-3.jpg 1920w, https:\/\/neoformabcn.com\/wp-content\/uploads\/2023\/10\/cabecera-sample-3-400x128.jpg 400w, https:\/\/neoformabcn.com\/wp-content\/uploads\/2023\/10\/cabecera-sample-3-768x246.jpg 768w, https:\/\/neoformabcn.com\/wp-content\/uploads\/2023\/10\/cabecera-sample-3-1600x513.jpg 1600w, https:\/\/neoformabcn.com\/wp-content\/uploads\/2023\/10\/cabecera-sample-3-1536x492.jpg 1536w, https:\/\/neoformabcn.com\/wp-content\/uploads\/2023\/10\/cabecera-sample-3-300x96.jpg 300w\" sizes=\"(max-width: 1920px) 100vw, 1920px\" \/><div class=\"wp-block-cover__inner-container is-layout-constrained wp-block-cover-is-layout-constrained\">\n<p class=\"has-text-align-center has-large-font-size\"><\/p>\n<\/div><\/header>\n\n\n\n<div class=\"wp-block-group alignfull is-style-section is-layout-constrained wp-block-group-is-layout-constrained\">\n<div class=\"wp-block-group aligncenter is-layout-constrained wp-block-group-is-layout-constrained\"><h2 class=\"wp-block-post-title\">Pavimentos y revestimientos<\/h2>\n\n\n<p>Porcel\u00e1nicos, cer\u00e1micos, terrazos, m\u00e1rmoles, vin\u00edlicos, parquet laminado natural-sint\u00e9tico encolado barnizado, tarimas interior-exterior.<\/p>\n\n\n\n<p>Enyesado paredes y techos, falsos techos de escayola-pladur-aluminio-acero-PVC-madera, altillo de obra-madera, alicatados y aplacados cer\u00e1micos-gresite-piedras-granitos-silestone-m\u00e1rmol-cristal planilaco. Pinturas interior-exterior-decorativa-esmaltes-lacas-papel pintado-vinilo, etc.\u2026.<\/p>\n<\/div>\n<\/div>\n\n\n\n<section class=\"wp-block-group alignfull is-style-section galleria-masonry__wrapper is-layout-constrained wp-block-group-is-layout-constrained\">\n<div class=\"wp-block-group alignwide is-style-default galleria-masonry__inner-wrapper is-layout-flow wp-block-group-is-layout-flow\">\n<div class=\"wp-block-migb-masonry-gallery migb_aa84e3dc galleria-masonry\" data-id=\"aa84e3dc\" id=\"aa84e3dc\"><a class=\"single-gallery-image none\" href=\"https:\/\/neoformabcn.com\/wp-content\/uploads\/2023\/10\/paviments-02-dsc02324.jpg\" role=\"button\"><figure><img loading=\"lazy\" decoding=\"async\" width=\"1920\" height=\"1440\" src=\"https:\/\/neoformabcn.com\/wp-content\/uploads\/2023\/10\/paviments-02-dsc02324.jpg\" alt=\"Gallery Image\" class=\"wp-image-104\" srcset=\"https:\/\/neoformabcn.com\/wp-content\/uploads\/2023\/10\/paviments-02-dsc02324.jpg 1920w, https:\/\/neoformabcn.com\/wp-content\/uploads\/2023\/10\/paviments-02-dsc02324-360x270.jpg 360w, https:\/\/neoformabcn.com\/wp-content\/uploads\/2023\/10\/paviments-02-dsc02324-768x576.jpg 768w, https:\/\/neoformabcn.com\/wp-content\/uploads\/2023\/10\/paviments-02-dsc02324-1600x1200.jpg 1600w, https:\/\/neoformabcn.com\/wp-content\/uploads\/2023\/10\/paviments-02-dsc02324-1536x1152.jpg 1536w, https:\/\/neoformabcn.com\/wp-content\/uploads\/2023\/10\/paviments-02-dsc02324-300x225.jpg 300w\" sizes=\"(max-width: 1920px) 100vw, 1920px\" \/><\/figure><\/a><a class=\"single-gallery-image none\" href=\"https:\/\/neoformabcn.com\/wp-content\/uploads\/2023\/10\/paviments-05-p3.jpg\" role=\"button\"><figure><img loading=\"lazy\" decoding=\"async\" width=\"800\" height=\"600\" src=\"https:\/\/neoformabcn.com\/wp-content\/uploads\/2023\/10\/paviments-05-p3.jpg\" alt=\"Gallery Image\" class=\"wp-image-96\" srcset=\"https:\/\/neoformabcn.com\/wp-content\/uploads\/2023\/10\/paviments-05-p3.jpg 800w, https:\/\/neoformabcn.com\/wp-content\/uploads\/2023\/10\/paviments-05-p3-360x270.jpg 360w, https:\/\/neoformabcn.com\/wp-content\/uploads\/2023\/10\/paviments-05-p3-768x576.jpg 768w, https:\/\/neoformabcn.com\/wp-content\/uploads\/2023\/10\/paviments-05-p3-300x225.jpg 300w\" sizes=\"(max-width: 800px) 100vw, 800px\" \/><\/figure><\/a><a class=\"single-gallery-image none\" href=\"https:\/\/neoformabcn.com\/wp-content\/uploads\/2023\/10\/paviments-04-p2.jpg\" role=\"button\"><figure><img loading=\"lazy\" decoding=\"async\" width=\"800\" height=\"600\" src=\"https:\/\/neoformabcn.com\/wp-content\/uploads\/2023\/10\/paviments-04-p2.jpg\" alt=\"Gallery Image\" class=\"wp-image-98\" srcset=\"https:\/\/neoformabcn.com\/wp-content\/uploads\/2023\/10\/paviments-04-p2.jpg 800w, https:\/\/neoformabcn.com\/wp-content\/uploads\/2023\/10\/paviments-04-p2-360x270.jpg 360w, https:\/\/neoformabcn.com\/wp-content\/uploads\/2023\/10\/paviments-04-p2-768x576.jpg 768w, https:\/\/neoformabcn.com\/wp-content\/uploads\/2023\/10\/paviments-04-p2-300x225.jpg 300w\" sizes=\"(max-width: 800px) 100vw, 800px\" \/><\/figure><\/a><a class=\"single-gallery-image none\" href=\"https:\/\/neoformabcn.com\/wp-content\/uploads\/2023\/10\/paviments-01-dsc02322.jpg\" role=\"button\"><figure><img loading=\"lazy\" decoding=\"async\" width=\"1920\" height=\"1440\" src=\"https:\/\/neoformabcn.com\/wp-content\/uploads\/2023\/10\/paviments-01-dsc02322.jpg\" alt=\"Gallery Image\" class=\"wp-image-102\" srcset=\"https:\/\/neoformabcn.com\/wp-content\/uploads\/2023\/10\/paviments-01-dsc02322.jpg 1920w, https:\/\/neoformabcn.com\/wp-content\/uploads\/2023\/10\/paviments-01-dsc02322-360x270.jpg 360w, https:\/\/neoformabcn.com\/wp-content\/uploads\/2023\/10\/paviments-01-dsc02322-768x576.jpg 768w, https:\/\/neoformabcn.com\/wp-content\/uploads\/2023\/10\/paviments-01-dsc02322-1600x1200.jpg 1600w, https:\/\/neoformabcn.com\/wp-content\/uploads\/2023\/10\/paviments-01-dsc02322-1536x1152.jpg 1536w, https:\/\/neoformabcn.com\/wp-content\/uploads\/2023\/10\/paviments-01-dsc02322-300x225.jpg 300w\" sizes=\"(max-width: 1920px) 100vw, 1920px\" \/><\/figure><\/a><a class=\"single-gallery-image none\" href=\"https:\/\/neoformabcn.com\/wp-content\/uploads\/2023\/10\/paviments-03-p1.jpg\" role=\"button\"><figure><img loading=\"lazy\" decoding=\"async\" width=\"800\" height=\"600\" src=\"https:\/\/neoformabcn.com\/wp-content\/uploads\/2023\/10\/paviments-03-p1.jpg\" alt=\"Gallery Image\" class=\"wp-image-100\" srcset=\"https:\/\/neoformabcn.com\/wp-content\/uploads\/2023\/10\/paviments-03-p1.jpg 800w, https:\/\/neoformabcn.com\/wp-content\/uploads\/2023\/10\/paviments-03-p1-360x270.jpg 360w, https:\/\/neoformabcn.com\/wp-content\/uploads\/2023\/10\/paviments-03-p1-768x576.jpg 768w, https:\/\/neoformabcn.com\/wp-content\/uploads\/2023\/10\/paviments-03-p1-300x225.jpg 300w\" sizes=\"(max-width: 800px) 100vw, 800px\" \/><\/figure><\/a><a class=\"single-gallery-image none\" href=\"https:\/\/neoformabcn.com\/wp-content\/uploads\/2023\/10\/revestiments-26-dsc02309-1478075901.jpg\" role=\"button\"><figure><img loading=\"lazy\" decoding=\"async\" width=\"1920\" height=\"1440\" src=\"https:\/\/neoformabcn.com\/wp-content\/uploads\/2023\/10\/revestiments-26-dsc02309-1478075901.jpg\" alt=\"Gallery Image\" class=\"wp-image-106\" srcset=\"https:\/\/neoformabcn.com\/wp-content\/uploads\/2023\/10\/revestiments-26-dsc02309-1478075901.jpg 1920w, https:\/\/neoformabcn.com\/wp-content\/uploads\/2023\/10\/revestiments-26-dsc02309-1478075901-360x270.jpg 360w, https:\/\/neoformabcn.com\/wp-content\/uploads\/2023\/10\/revestiments-26-dsc02309-1478075901-768x576.jpg 768w, https:\/\/neoformabcn.com\/wp-content\/uploads\/2023\/10\/revestiments-26-dsc02309-1478075901-1600x1200.jpg 1600w, https:\/\/neoformabcn.com\/wp-content\/uploads\/2023\/10\/revestiments-26-dsc02309-1478075901-1536x1152.jpg 1536w, https:\/\/neoformabcn.com\/wp-content\/uploads\/2023\/10\/revestiments-26-dsc02309-1478075901-300x225.jpg 300w\" sizes=\"(max-width: 1920px) 100vw, 1920px\" \/><\/figure><\/a><a class=\"single-gallery-image none\" href=\"https:\/\/neoformabcn.com\/wp-content\/uploads\/2023\/10\/revestiments-25-dsc02118.jpg\" role=\"button\"><figure><img loading=\"lazy\" decoding=\"async\" width=\"1920\" height=\"1440\" src=\"https:\/\/neoformabcn.com\/wp-content\/uploads\/2023\/10\/revestiments-25-dsc02118.jpg\" alt=\"Gallery Image\" class=\"wp-image-108\" srcset=\"https:\/\/neoformabcn.com\/wp-content\/uploads\/2023\/10\/revestiments-25-dsc02118.jpg 1920w, https:\/\/neoformabcn.com\/wp-content\/uploads\/2023\/10\/revestiments-25-dsc02118-360x270.jpg 360w, https:\/\/neoformabcn.com\/wp-content\/uploads\/2023\/10\/revestiments-25-dsc02118-768x576.jpg 768w, https:\/\/neoformabcn.com\/wp-content\/uploads\/2023\/10\/revestiments-25-dsc02118-1600x1200.jpg 1600w, https:\/\/neoformabcn.com\/wp-content\/uploads\/2023\/10\/revestiments-25-dsc02118-1536x1152.jpg 1536w, https:\/\/neoformabcn.com\/wp-content\/uploads\/2023\/10\/revestiments-25-dsc02118-300x225.jpg 300w\" sizes=\"(max-width: 1920px) 100vw, 1920px\" \/><\/figure><\/a><a class=\"single-gallery-image none\" href=\"https:\/\/neoformabcn.com\/wp-content\/uploads\/2023\/10\/revestiments-27-dsc02320.jpg\" role=\"button\"><figure><img loading=\"lazy\" decoding=\"async\" width=\"1920\" height=\"1440\" src=\"https:\/\/neoformabcn.com\/wp-content\/uploads\/2023\/10\/revestiments-27-dsc02320.jpg\" alt=\"Gallery Image\" class=\"wp-image-110\" srcset=\"https:\/\/neoformabcn.com\/wp-content\/uploads\/2023\/10\/revestiments-27-dsc02320.jpg 1920w, https:\/\/neoformabcn.com\/wp-content\/uploads\/2023\/10\/revestiments-27-dsc02320-360x270.jpg 360w, https:\/\/neoformabcn.com\/wp-content\/uploads\/2023\/10\/revestiments-27-dsc02320-768x576.jpg 768w, https:\/\/neoformabcn.com\/wp-content\/uploads\/2023\/10\/revestiments-27-dsc02320-1600x1200.jpg 1600w, https:\/\/neoformabcn.com\/wp-content\/uploads\/2023\/10\/revestiments-27-dsc02320-1536x1152.jpg 1536w, https:\/\/neoformabcn.com\/wp-content\/uploads\/2023\/10\/revestiments-27-dsc02320-300x225.jpg 300w\" sizes=\"(max-width: 1920px) 100vw, 1920px\" \/><\/figure><\/a><a class=\"single-gallery-image none\" href=\"https:\/\/neoformabcn.com\/wp-content\/uploads\/2023\/10\/revestiments-31-reves-2.jpg\" role=\"button\"><figure><img loading=\"lazy\" decoding=\"async\" width=\"800\" height=\"600\" src=\"https:\/\/neoformabcn.com\/wp-content\/uploads\/2023\/10\/revestiments-31-reves-2.jpg\" alt=\"Gallery Image\" class=\"wp-image-114\" srcset=\"https:\/\/neoformabcn.com\/wp-content\/uploads\/2023\/10\/revestiments-31-reves-2.jpg 800w, https:\/\/neoformabcn.com\/wp-content\/uploads\/2023\/10\/revestiments-31-reves-2-360x270.jpg 360w, https:\/\/neoformabcn.com\/wp-content\/uploads\/2023\/10\/revestiments-31-reves-2-768x576.jpg 768w, https:\/\/neoformabcn.com\/wp-content\/uploads\/2023\/10\/revestiments-31-reves-2-300x225.jpg 300w\" sizes=\"(max-width: 800px) 100vw, 800px\" \/><\/figure><\/a><a class=\"single-gallery-image none\" href=\"https:\/\/neoformabcn.com\/wp-content\/uploads\/2023\/10\/revestiments-22-20161216-131754-1573040989.jpg\" role=\"button\"><figure><img loading=\"lazy\" decoding=\"async\" width=\"1920\" height=\"1080\" src=\"https:\/\/neoformabcn.com\/wp-content\/uploads\/2023\/10\/revestiments-22-20161216-131754-1573040989.jpg\" alt=\"Gallery Image\" class=\"wp-image-116\" srcset=\"https:\/\/neoformabcn.com\/wp-content\/uploads\/2023\/10\/revestiments-22-20161216-131754-1573040989.jpg 1920w, https:\/\/neoformabcn.com\/wp-content\/uploads\/2023\/10\/revestiments-22-20161216-131754-1573040989-400x225.jpg 400w, https:\/\/neoformabcn.com\/wp-content\/uploads\/2023\/10\/revestiments-22-20161216-131754-1573040989-768x432.jpg 768w, https:\/\/neoformabcn.com\/wp-content\/uploads\/2023\/10\/revestiments-22-20161216-131754-1573040989-1600x900.jpg 1600w, https:\/\/neoformabcn.com\/wp-content\/uploads\/2023\/10\/revestiments-22-20161216-131754-1573040989-1536x864.jpg 1536w, https:\/\/neoformabcn.com\/wp-content\/uploads\/2023\/10\/revestiments-22-20161216-131754-1573040989-300x169.jpg 300w\" sizes=\"(max-width: 1920px) 100vw, 1920px\" \/><\/figure><\/a><a class=\"single-gallery-image none\" href=\"https:\/\/neoformabcn.com\/wp-content\/uploads\/2023\/10\/revestiments-28-foto11.jpg\" role=\"button\"><figure><img loading=\"lazy\" decoding=\"async\" width=\"1920\" height=\"1440\" src=\"https:\/\/neoformabcn.com\/wp-content\/uploads\/2023\/10\/revestiments-28-foto11.jpg\" alt=\"Gallery Image\" class=\"wp-image-118\" srcset=\"https:\/\/neoformabcn.com\/wp-content\/uploads\/2023\/10\/revestiments-28-foto11.jpg 1920w, https:\/\/neoformabcn.com\/wp-content\/uploads\/2023\/10\/revestiments-28-foto11-360x270.jpg 360w, https:\/\/neoformabcn.com\/wp-content\/uploads\/2023\/10\/revestiments-28-foto11-768x576.jpg 768w, https:\/\/neoformabcn.com\/wp-content\/uploads\/2023\/10\/revestiments-28-foto11-1600x1200.jpg 1600w, https:\/\/neoformabcn.com\/wp-content\/uploads\/2023\/10\/revestiments-28-foto11-1536x1152.jpg 1536w, https:\/\/neoformabcn.com\/wp-content\/uploads\/2023\/10\/revestiments-28-foto11-300x225.jpg 300w\" sizes=\"(max-width: 1920px) 100vw, 1920px\" \/><\/figure><\/a><a class=\"single-gallery-image none\" href=\"https:\/\/neoformabcn.com\/wp-content\/uploads\/2023\/10\/revestiments-23-copia-2-de-dsc02081.jpg\" role=\"button\"><figure><img loading=\"lazy\" decoding=\"async\" width=\"1440\" height=\"1920\" src=\"https:\/\/neoformabcn.com\/wp-content\/uploads\/2023\/10\/revestiments-23-copia-2-de-dsc02081.jpg\" alt=\"Gallery Image\" class=\"wp-image-120\" srcset=\"https:\/\/neoformabcn.com\/wp-content\/uploads\/2023\/10\/revestiments-23-copia-2-de-dsc02081.jpg 1440w, https:\/\/neoformabcn.com\/wp-content\/uploads\/2023\/10\/revestiments-23-copia-2-de-dsc02081-203x270.jpg 203w, https:\/\/neoformabcn.com\/wp-content\/uploads\/2023\/10\/revestiments-23-copia-2-de-dsc02081-768x1024.jpg 768w, https:\/\/neoformabcn.com\/wp-content\/uploads\/2023\/10\/revestiments-23-copia-2-de-dsc02081-1152x1536.jpg 1152w, https:\/\/neoformabcn.com\/wp-content\/uploads\/2023\/10\/revestiments-23-copia-2-de-dsc02081-225x300.jpg 225w\" sizes=\"(max-width: 1440px) 100vw, 1440px\" \/><\/figure><\/a><a class=\"single-gallery-image none\" href=\"https:\/\/neoformabcn.com\/wp-content\/uploads\/2023\/10\/revestiments-24-dsc00444.jpg\" role=\"button\"><figure><img loading=\"lazy\" decoding=\"async\" width=\"1440\" height=\"1920\" src=\"https:\/\/neoformabcn.com\/wp-content\/uploads\/2023\/10\/revestiments-24-dsc00444.jpg\" alt=\"Gallery Image\" class=\"wp-image-122\" srcset=\"https:\/\/neoformabcn.com\/wp-content\/uploads\/2023\/10\/revestiments-24-dsc00444.jpg 1440w, https:\/\/neoformabcn.com\/wp-content\/uploads\/2023\/10\/revestiments-24-dsc00444-203x270.jpg 203w, https:\/\/neoformabcn.com\/wp-content\/uploads\/2023\/10\/revestiments-24-dsc00444-768x1024.jpg 768w, https:\/\/neoformabcn.com\/wp-content\/uploads\/2023\/10\/revestiments-24-dsc00444-1152x1536.jpg 1152w, https:\/\/neoformabcn.com\/wp-content\/uploads\/2023\/10\/revestiments-24-dsc00444-225x300.jpg 225w\" sizes=\"(max-width: 1440px) 100vw, 1440px\" \/><\/figure><\/a><a class=\"single-gallery-image none\" href=\"https:\/\/neoformabcn.com\/wp-content\/uploads\/2023\/10\/revestiments-29-wp-000390.jpg\" role=\"button\"><figure><img loading=\"lazy\" decoding=\"async\" width=\"1222\" height=\"1630\" src=\"https:\/\/neoformabcn.com\/wp-content\/uploads\/2023\/10\/revestiments-29-wp-000390.jpg\" alt=\"Gallery Image\" class=\"wp-image-124\" srcset=\"https:\/\/neoformabcn.com\/wp-content\/uploads\/2023\/10\/revestiments-29-wp-000390.jpg 1222w, https:\/\/neoformabcn.com\/wp-content\/uploads\/2023\/10\/revestiments-29-wp-000390-202x270.jpg 202w, https:\/\/neoformabcn.com\/wp-content\/uploads\/2023\/10\/revestiments-29-wp-000390-768x1024.jpg 768w, https:\/\/neoformabcn.com\/wp-content\/uploads\/2023\/10\/revestiments-29-wp-000390-1152x1536.jpg 1152w, https:\/\/neoformabcn.com\/wp-content\/uploads\/2023\/10\/revestiments-29-wp-000390-225x300.jpg 225w\" sizes=\"(max-width: 1222px) 100vw, 1222px\" \/><\/figure><\/a><a class=\"single-gallery-image none\" href=\"https:\/\/neoformabcn.com\/wp-content\/uploads\/2023\/10\/revestiments-30-reves-1.jpg\" role=\"button\"><figure><img loading=\"lazy\" decoding=\"async\" width=\"800\" height=\"600\" src=\"https:\/\/neoformabcn.com\/wp-content\/uploads\/2023\/10\/revestiments-30-reves-1.jpg\" alt=\"Gallery Image\" class=\"wp-image-112\" srcset=\"https:\/\/neoformabcn.com\/wp-content\/uploads\/2023\/10\/revestiments-30-reves-1.jpg 800w, https:\/\/neoformabcn.com\/wp-content\/uploads\/2023\/10\/revestiments-30-reves-1-360x270.jpg 360w, https:\/\/neoformabcn.com\/wp-content\/uploads\/2023\/10\/revestiments-30-reves-1-768x576.jpg 768w, https:\/\/neoformabcn.com\/wp-content\/uploads\/2023\/10\/revestiments-30-reves-1-300x225.jpg 300w\" sizes=\"(max-width: 800px) 100vw, 800px\" \/><\/figure><\/a><\/div>\n<\/div>\n<\/section>\n\n\n","protected":false},"excerpt":{"rendered":"<p>Porcel\u00e1nicos, cer\u00e1micos, terrazos, m\u00e1rmoles, vin\u00edlicos, parquet laminado natural-sint\u00e9tico encolado barnizado, tarimas interior-exterior. Enyesado paredes y techos, falsos techos de escayola-pladur-aluminio-acero-PVC-madera, altillo de obra-madera, alicatados y aplacados cer\u00e1micos-gresite-piedras-granitos-silestone-m\u00e1rmol-cristal planilaco. Pinturas interior-exterior-decorativa-esmaltes-lacas-papel pintado-vinilo, etc.\u2026.<\/p>\n","protected":false},"author":1,"featured_media":0,"parent":224,"menu_order":20,"comment_status":"closed","ping_status":"closed","template":"","meta":{"_seopress_robots_primary_cat":"","_seopress_titles_title":"","_seopress_titles_desc":"","_seopress_robots_index":"","inline_featured_image":false,"footnotes":""},"_links":{"self":[{"href":"https:\/\/neoformabcn.com\/es\/wp-json\/wp\/v2\/pages\/215"}],"collection":[{"href":"https:\/\/neoformabcn.com\/es\/wp-json\/wp\/v2\/pages"}],"about":[{"href":"https:\/\/neoformabcn.com\/es\/wp-json\/wp\/v2\/types\/page"}],"author":[{"embeddable":true,"href":"https:\/\/neoformabcn.com\/es\/wp-json\/wp\/v2\/users\/1"}],"replies":[{"embeddable":true,"href":"https:\/\/neoformabcn.com\/es\/wp-json\/wp\/v2\/comments?post=215"}],"version-history":[{"count":0,"href":"https:\/\/neoformabcn.com\/es\/wp-json\/wp\/v2\/pages\/215\/revisions"}],"up":[{"embeddable":true,"href":"https:\/\/neoformabcn.com\/es\/wp-json\/wp\/v2\/pages\/224"}],"wp:attachment":[{"href":"https:\/\/neoformabcn.com\/es\/wp-json\/wp\/v2\/media?parent=215"}],"curies":[{"name":"wp","href":"https:\/\/api.w.org\/{rel}","templated":true}]}}