{"id":221,"date":"2023-10-24T08:06:25","date_gmt":"2023-10-24T06:06:25","guid":{"rendered":"https:\/\/neoformabcn.com\/reforma-cuines\/"},"modified":"2023-11-28T11:48:07","modified_gmt":"2023-11-28T10:48:07","slug":"reformas-cocinas","status":"publish","type":"page","link":"https:\/\/neoformabcn.com\/es\/servicios\/reformas-cocinas\/","title":{"rendered":"Reformas cocinas"},"content":{"rendered":"\n<header class=\"wp-block-cover alignfull is-light\" style=\"min-height:50vh\"><span aria-hidden=\"true\" class=\"wp-block-cover__background has-background-dim-0 has-background-dim\"><\/span><img loading=\"lazy\" decoding=\"async\" width=\"1920\" height=\"615\" class=\"wp-block-cover__image-background wp-image-189\" alt=\"\" src=\"https:\/\/neoformabcn.com\/wp-content\/uploads\/2023\/10\/cabecera-cocinas.jpg\" data-object-fit=\"cover\" srcset=\"https:\/\/neoformabcn.com\/wp-content\/uploads\/2023\/10\/cabecera-cocinas.jpg 1920w, https:\/\/neoformabcn.com\/wp-content\/uploads\/2023\/10\/cabecera-cocinas-400x128.jpg 400w, https:\/\/neoformabcn.com\/wp-content\/uploads\/2023\/10\/cabecera-cocinas-768x246.jpg 768w, https:\/\/neoformabcn.com\/wp-content\/uploads\/2023\/10\/cabecera-cocinas-1600x513.jpg 1600w, https:\/\/neoformabcn.com\/wp-content\/uploads\/2023\/10\/cabecera-cocinas-1536x492.jpg 1536w, https:\/\/neoformabcn.com\/wp-content\/uploads\/2023\/10\/cabecera-cocinas-300x96.jpg 300w\" sizes=\"(max-width: 1920px) 100vw, 1920px\" \/><div class=\"wp-block-cover__inner-container is-layout-constrained wp-block-cover-is-layout-constrained\">\n<p class=\"has-text-align-center has-large-font-size\"><\/p>\n<\/div><\/header>\n\n\n\n<div class=\"wp-block-group alignfull is-style-section is-layout-constrained wp-block-group-is-layout-constrained\">\n<div class=\"wp-block-group aligncenter is-layout-constrained wp-block-group-is-layout-constrained\"><h2 class=\"wp-block-post-title\">Reformas cocinas<\/h2>\n\n\n<p>Hacemos todo tipo de reformas, cocinas integrales, est\u00e1ndar y a medida, tambi\u00e9n realizamos solo cambio de muebles, encimeras, electrodom\u00e9sticos\u2026<\/p>\n<\/div>\n<\/div>\n\n\n\n<section class=\"wp-block-group alignfull is-style-section galleria-masonry__wrapper is-layout-constrained wp-block-group-is-layout-constrained\">\n<div class=\"wp-block-group alignwide is-style-default galleria-masonry__inner-wrapper is-layout-flow wp-block-group-is-layout-flow\">\n<div class=\"wp-block-migb-masonry-gallery migb_249b7ee1 galleria-masonry\" data-id=\"249b7ee1\" id=\"249b7ee1\"><a class=\"single-gallery-image none\" href=\"https:\/\/neoformabcn.com\/wp-content\/uploads\/2023\/11\/cocinas-20161216-131905.jpg\" role=\"button\"><figure><img loading=\"lazy\" decoding=\"async\" width=\"1920\" height=\"1080\" src=\"https:\/\/neoformabcn.com\/wp-content\/uploads\/2023\/11\/cocinas-20161216-131905.jpg\" alt=\"Gallery Image\" class=\"wp-image-585\" srcset=\"https:\/\/neoformabcn.com\/wp-content\/uploads\/2023\/11\/cocinas-20161216-131905.jpg 1920w, https:\/\/neoformabcn.com\/wp-content\/uploads\/2023\/11\/cocinas-20161216-131905-400x225.jpg 400w, https:\/\/neoformabcn.com\/wp-content\/uploads\/2023\/11\/cocinas-20161216-131905-768x432.jpg 768w, https:\/\/neoformabcn.com\/wp-content\/uploads\/2023\/11\/cocinas-20161216-131905-1600x900.jpg 1600w, https:\/\/neoformabcn.com\/wp-content\/uploads\/2023\/11\/cocinas-20161216-131905-1536x864.jpg 1536w, https:\/\/neoformabcn.com\/wp-content\/uploads\/2023\/11\/cocinas-20161216-131905-300x169.jpg 300w\" sizes=\"(max-width: 1920px) 100vw, 1920px\" \/><\/figure><\/a><a class=\"single-gallery-image none\" href=\"https:\/\/neoformabcn.com\/wp-content\/uploads\/2023\/11\/cocinas-dsc00509.jpg\" role=\"button\"><figure><img loading=\"lazy\" decoding=\"async\" width=\"1920\" height=\"1440\" src=\"https:\/\/neoformabcn.com\/wp-content\/uploads\/2023\/11\/cocinas-dsc00509.jpg\" alt=\"Gallery Image\" class=\"wp-image-587\" srcset=\"https:\/\/neoformabcn.com\/wp-content\/uploads\/2023\/11\/cocinas-dsc00509.jpg 1920w, https:\/\/neoformabcn.com\/wp-content\/uploads\/2023\/11\/cocinas-dsc00509-360x270.jpg 360w, https:\/\/neoformabcn.com\/wp-content\/uploads\/2023\/11\/cocinas-dsc00509-768x576.jpg 768w, https:\/\/neoformabcn.com\/wp-content\/uploads\/2023\/11\/cocinas-dsc00509-1600x1200.jpg 1600w, https:\/\/neoformabcn.com\/wp-content\/uploads\/2023\/11\/cocinas-dsc00509-1536x1152.jpg 1536w, https:\/\/neoformabcn.com\/wp-content\/uploads\/2023\/11\/cocinas-dsc00509-300x225.jpg 300w\" sizes=\"(max-width: 1920px) 100vw, 1920px\" \/><\/figure><\/a><a class=\"single-gallery-image none\" href=\"https:\/\/neoformabcn.com\/wp-content\/uploads\/2023\/11\/cocinas-dsc00511.jpg\" role=\"button\"><figure><img loading=\"lazy\" decoding=\"async\" width=\"1372\" height=\"1920\" src=\"https:\/\/neoformabcn.com\/wp-content\/uploads\/2023\/11\/cocinas-dsc00511.jpg\" alt=\"Gallery Image\" class=\"wp-image-589\" srcset=\"https:\/\/neoformabcn.com\/wp-content\/uploads\/2023\/11\/cocinas-dsc00511.jpg 1372w, https:\/\/neoformabcn.com\/wp-content\/uploads\/2023\/11\/cocinas-dsc00511-193x270.jpg 193w, https:\/\/neoformabcn.com\/wp-content\/uploads\/2023\/11\/cocinas-dsc00511-768x1075.jpg 768w, https:\/\/neoformabcn.com\/wp-content\/uploads\/2023\/11\/cocinas-dsc00511-1098x1536.jpg 1098w, https:\/\/neoformabcn.com\/wp-content\/uploads\/2023\/11\/cocinas-dsc00511-214x300.jpg 214w\" sizes=\"(max-width: 1372px) 100vw, 1372px\" \/><\/figure><\/a><a class=\"single-gallery-image none\" href=\"https:\/\/neoformabcn.com\/wp-content\/uploads\/2023\/11\/cocinas-dsc00514.jpg\" role=\"button\"><figure><img loading=\"lazy\" decoding=\"async\" width=\"1440\" height=\"1920\" src=\"https:\/\/neoformabcn.com\/wp-content\/uploads\/2023\/11\/cocinas-dsc00514.jpg\" alt=\"Gallery Image\" class=\"wp-image-591\" srcset=\"https:\/\/neoformabcn.com\/wp-content\/uploads\/2023\/11\/cocinas-dsc00514.jpg 1440w, https:\/\/neoformabcn.com\/wp-content\/uploads\/2023\/11\/cocinas-dsc00514-203x270.jpg 203w, https:\/\/neoformabcn.com\/wp-content\/uploads\/2023\/11\/cocinas-dsc00514-768x1024.jpg 768w, https:\/\/neoformabcn.com\/wp-content\/uploads\/2023\/11\/cocinas-dsc00514-1152x1536.jpg 1152w, https:\/\/neoformabcn.com\/wp-content\/uploads\/2023\/11\/cocinas-dsc00514-225x300.jpg 225w\" sizes=\"(max-width: 1440px) 100vw, 1440px\" \/><\/figure><\/a><a class=\"single-gallery-image none\" href=\"https:\/\/neoformabcn.com\/wp-content\/uploads\/2023\/11\/cocinas-dsc00527.jpg\" role=\"button\"><figure><img loading=\"lazy\" decoding=\"async\" width=\"1920\" height=\"1440\" src=\"https:\/\/neoformabcn.com\/wp-content\/uploads\/2023\/11\/cocinas-dsc00527.jpg\" alt=\"Gallery Image\" class=\"wp-image-593\" srcset=\"https:\/\/neoformabcn.com\/wp-content\/uploads\/2023\/11\/cocinas-dsc00527.jpg 1920w, https:\/\/neoformabcn.com\/wp-content\/uploads\/2023\/11\/cocinas-dsc00527-360x270.jpg 360w, https:\/\/neoformabcn.com\/wp-content\/uploads\/2023\/11\/cocinas-dsc00527-768x576.jpg 768w, https:\/\/neoformabcn.com\/wp-content\/uploads\/2023\/11\/cocinas-dsc00527-1600x1200.jpg 1600w, https:\/\/neoformabcn.com\/wp-content\/uploads\/2023\/11\/cocinas-dsc00527-1536x1152.jpg 1536w, https:\/\/neoformabcn.com\/wp-content\/uploads\/2023\/11\/cocinas-dsc00527-300x225.jpg 300w\" sizes=\"(max-width: 1920px) 100vw, 1920px\" \/><\/figure><\/a><a class=\"single-gallery-image none\" href=\"https:\/\/neoformabcn.com\/wp-content\/uploads\/2023\/11\/cocinas-dsc00670.jpg\" role=\"button\"><figure><img loading=\"lazy\" decoding=\"async\" width=\"1440\" height=\"1920\" src=\"https:\/\/neoformabcn.com\/wp-content\/uploads\/2023\/11\/cocinas-dsc00670.jpg\" alt=\"Gallery Image\" class=\"wp-image-595\" srcset=\"https:\/\/neoformabcn.com\/wp-content\/uploads\/2023\/11\/cocinas-dsc00670.jpg 1440w, https:\/\/neoformabcn.com\/wp-content\/uploads\/2023\/11\/cocinas-dsc00670-203x270.jpg 203w, https:\/\/neoformabcn.com\/wp-content\/uploads\/2023\/11\/cocinas-dsc00670-768x1024.jpg 768w, https:\/\/neoformabcn.com\/wp-content\/uploads\/2023\/11\/cocinas-dsc00670-1152x1536.jpg 1152w, https:\/\/neoformabcn.com\/wp-content\/uploads\/2023\/11\/cocinas-dsc00670-225x300.jpg 225w\" sizes=\"(max-width: 1440px) 100vw, 1440px\" \/><\/figure><\/a><a class=\"single-gallery-image none\" href=\"https:\/\/neoformabcn.com\/wp-content\/uploads\/2023\/11\/cocinas-dsc00696.jpg\" role=\"button\"><figure><img loading=\"lazy\" decoding=\"async\" width=\"1920\" height=\"1440\" src=\"https:\/\/neoformabcn.com\/wp-content\/uploads\/2023\/11\/cocinas-dsc00696.jpg\" alt=\"Gallery Image\" class=\"wp-image-597\" srcset=\"https:\/\/neoformabcn.com\/wp-content\/uploads\/2023\/11\/cocinas-dsc00696.jpg 1920w, https:\/\/neoformabcn.com\/wp-content\/uploads\/2023\/11\/cocinas-dsc00696-360x270.jpg 360w, https:\/\/neoformabcn.com\/wp-content\/uploads\/2023\/11\/cocinas-dsc00696-768x576.jpg 768w, https:\/\/neoformabcn.com\/wp-content\/uploads\/2023\/11\/cocinas-dsc00696-1600x1200.jpg 1600w, https:\/\/neoformabcn.com\/wp-content\/uploads\/2023\/11\/cocinas-dsc00696-1536x1152.jpg 1536w, https:\/\/neoformabcn.com\/wp-content\/uploads\/2023\/11\/cocinas-dsc00696-300x225.jpg 300w\" sizes=\"(max-width: 1920px) 100vw, 1920px\" \/><\/figure><\/a><a class=\"single-gallery-image none\" href=\"https:\/\/neoformabcn.com\/wp-content\/uploads\/2023\/11\/cocinas-dsc00732.jpg\" role=\"button\"><figure><img loading=\"lazy\" decoding=\"async\" width=\"1920\" height=\"1440\" src=\"https:\/\/neoformabcn.com\/wp-content\/uploads\/2023\/11\/cocinas-dsc00732.jpg\" alt=\"Gallery Image\" class=\"wp-image-599\" srcset=\"https:\/\/neoformabcn.com\/wp-content\/uploads\/2023\/11\/cocinas-dsc00732.jpg 1920w, https:\/\/neoformabcn.com\/wp-content\/uploads\/2023\/11\/cocinas-dsc00732-360x270.jpg 360w, https:\/\/neoformabcn.com\/wp-content\/uploads\/2023\/11\/cocinas-dsc00732-768x576.jpg 768w, https:\/\/neoformabcn.com\/wp-content\/uploads\/2023\/11\/cocinas-dsc00732-1600x1200.jpg 1600w, https:\/\/neoformabcn.com\/wp-content\/uploads\/2023\/11\/cocinas-dsc00732-1536x1152.jpg 1536w, https:\/\/neoformabcn.com\/wp-content\/uploads\/2023\/11\/cocinas-dsc00732-300x225.jpg 300w\" sizes=\"(max-width: 1920px) 100vw, 1920px\" \/><\/figure><\/a><a class=\"single-gallery-image none\" href=\"https:\/\/neoformabcn.com\/wp-content\/uploads\/2023\/11\/cocinas-dsc00807.jpg\" role=\"button\"><figure><img loading=\"lazy\" decoding=\"async\" width=\"1440\" height=\"1920\" src=\"https:\/\/neoformabcn.com\/wp-content\/uploads\/2023\/11\/cocinas-dsc00807.jpg\" alt=\"Gallery Image\" class=\"wp-image-601\" srcset=\"https:\/\/neoformabcn.com\/wp-content\/uploads\/2023\/11\/cocinas-dsc00807.jpg 1440w, https:\/\/neoformabcn.com\/wp-content\/uploads\/2023\/11\/cocinas-dsc00807-203x270.jpg 203w, https:\/\/neoformabcn.com\/wp-content\/uploads\/2023\/11\/cocinas-dsc00807-768x1024.jpg 768w, https:\/\/neoformabcn.com\/wp-content\/uploads\/2023\/11\/cocinas-dsc00807-1152x1536.jpg 1152w, https:\/\/neoformabcn.com\/wp-content\/uploads\/2023\/11\/cocinas-dsc00807-225x300.jpg 225w\" sizes=\"(max-width: 1440px) 100vw, 1440px\" \/><\/figure><\/a><a class=\"single-gallery-image none\" href=\"https:\/\/neoformabcn.com\/wp-content\/uploads\/2023\/11\/cocinas-dsc00810.jpg\" role=\"button\"><figure><img loading=\"lazy\" decoding=\"async\" width=\"1440\" height=\"1920\" src=\"https:\/\/neoformabcn.com\/wp-content\/uploads\/2023\/11\/cocinas-dsc00810.jpg\" alt=\"Gallery Image\" class=\"wp-image-603\" srcset=\"https:\/\/neoformabcn.com\/wp-content\/uploads\/2023\/11\/cocinas-dsc00810.jpg 1440w, https:\/\/neoformabcn.com\/wp-content\/uploads\/2023\/11\/cocinas-dsc00810-203x270.jpg 203w, https:\/\/neoformabcn.com\/wp-content\/uploads\/2023\/11\/cocinas-dsc00810-768x1024.jpg 768w, https:\/\/neoformabcn.com\/wp-content\/uploads\/2023\/11\/cocinas-dsc00810-1152x1536.jpg 1152w, https:\/\/neoformabcn.com\/wp-content\/uploads\/2023\/11\/cocinas-dsc00810-225x300.jpg 225w\" sizes=\"(max-width: 1440px) 100vw, 1440px\" \/><\/figure><\/a><a class=\"single-gallery-image none\" href=\"https:\/\/neoformabcn.com\/wp-content\/uploads\/2023\/11\/cocinas-dsc00821.jpg\" role=\"button\"><figure><img loading=\"lazy\" decoding=\"async\" width=\"1920\" height=\"1440\" src=\"https:\/\/neoformabcn.com\/wp-content\/uploads\/2023\/11\/cocinas-dsc00821.jpg\" alt=\"Gallery Image\" class=\"wp-image-605\" srcset=\"https:\/\/neoformabcn.com\/wp-content\/uploads\/2023\/11\/cocinas-dsc00821.jpg 1920w, https:\/\/neoformabcn.com\/wp-content\/uploads\/2023\/11\/cocinas-dsc00821-360x270.jpg 360w, https:\/\/neoformabcn.com\/wp-content\/uploads\/2023\/11\/cocinas-dsc00821-768x576.jpg 768w, https:\/\/neoformabcn.com\/wp-content\/uploads\/2023\/11\/cocinas-dsc00821-1600x1200.jpg 1600w, https:\/\/neoformabcn.com\/wp-content\/uploads\/2023\/11\/cocinas-dsc00821-1536x1152.jpg 1536w, https:\/\/neoformabcn.com\/wp-content\/uploads\/2023\/11\/cocinas-dsc00821-300x225.jpg 300w\" sizes=\"(max-width: 1920px) 100vw, 1920px\" \/><\/figure><\/a><a class=\"single-gallery-image none\" href=\"https:\/\/neoformabcn.com\/wp-content\/uploads\/2023\/11\/cocinas-dsc00878.jpg\" role=\"button\"><figure><img loading=\"lazy\" decoding=\"async\" width=\"1440\" height=\"1920\" src=\"https:\/\/neoformabcn.com\/wp-content\/uploads\/2023\/11\/cocinas-dsc00878.jpg\" alt=\"Gallery Image\" class=\"wp-image-607\" srcset=\"https:\/\/neoformabcn.com\/wp-content\/uploads\/2023\/11\/cocinas-dsc00878.jpg 1440w, https:\/\/neoformabcn.com\/wp-content\/uploads\/2023\/11\/cocinas-dsc00878-203x270.jpg 203w, https:\/\/neoformabcn.com\/wp-content\/uploads\/2023\/11\/cocinas-dsc00878-768x1024.jpg 768w, https:\/\/neoformabcn.com\/wp-content\/uploads\/2023\/11\/cocinas-dsc00878-1152x1536.jpg 1152w, https:\/\/neoformabcn.com\/wp-content\/uploads\/2023\/11\/cocinas-dsc00878-225x300.jpg 225w\" sizes=\"(max-width: 1440px) 100vw, 1440px\" \/><\/figure><\/a><a class=\"single-gallery-image none\" href=\"https:\/\/neoformabcn.com\/wp-content\/uploads\/2023\/11\/cocinas-dsc00879.jpg\" role=\"button\"><figure><img loading=\"lazy\" decoding=\"async\" width=\"1920\" height=\"1440\" src=\"https:\/\/neoformabcn.com\/wp-content\/uploads\/2023\/11\/cocinas-dsc00879.jpg\" alt=\"Gallery Image\" class=\"wp-image-609\" srcset=\"https:\/\/neoformabcn.com\/wp-content\/uploads\/2023\/11\/cocinas-dsc00879.jpg 1920w, https:\/\/neoformabcn.com\/wp-content\/uploads\/2023\/11\/cocinas-dsc00879-360x270.jpg 360w, https:\/\/neoformabcn.com\/wp-content\/uploads\/2023\/11\/cocinas-dsc00879-768x576.jpg 768w, https:\/\/neoformabcn.com\/wp-content\/uploads\/2023\/11\/cocinas-dsc00879-1600x1200.jpg 1600w, https:\/\/neoformabcn.com\/wp-content\/uploads\/2023\/11\/cocinas-dsc00879-1536x1152.jpg 1536w, https:\/\/neoformabcn.com\/wp-content\/uploads\/2023\/11\/cocinas-dsc00879-300x225.jpg 300w\" sizes=\"(max-width: 1920px) 100vw, 1920px\" \/><\/figure><\/a><a class=\"single-gallery-image none\" href=\"https:\/\/neoformabcn.com\/wp-content\/uploads\/2023\/11\/cocinas-dsc02062.jpg\" role=\"button\"><figure><img loading=\"lazy\" decoding=\"async\" width=\"1440\" height=\"1920\" src=\"https:\/\/neoformabcn.com\/wp-content\/uploads\/2023\/11\/cocinas-dsc02062.jpg\" alt=\"Gallery Image\" class=\"wp-image-611\" srcset=\"https:\/\/neoformabcn.com\/wp-content\/uploads\/2023\/11\/cocinas-dsc02062.jpg 1440w, https:\/\/neoformabcn.com\/wp-content\/uploads\/2023\/11\/cocinas-dsc02062-203x270.jpg 203w, https:\/\/neoformabcn.com\/wp-content\/uploads\/2023\/11\/cocinas-dsc02062-768x1024.jpg 768w, https:\/\/neoformabcn.com\/wp-content\/uploads\/2023\/11\/cocinas-dsc02062-1152x1536.jpg 1152w, https:\/\/neoformabcn.com\/wp-content\/uploads\/2023\/11\/cocinas-dsc02062-225x300.jpg 225w\" sizes=\"(max-width: 1440px) 100vw, 1440px\" \/><\/figure><\/a><a class=\"single-gallery-image none\" href=\"https:\/\/neoformabcn.com\/wp-content\/uploads\/2023\/11\/cocinas-dsc02405.jpg\" role=\"button\"><figure><img loading=\"lazy\" decoding=\"async\" width=\"1440\" height=\"1920\" src=\"https:\/\/neoformabcn.com\/wp-content\/uploads\/2023\/11\/cocinas-dsc02405.jpg\" alt=\"Gallery Image\" class=\"wp-image-613\" srcset=\"https:\/\/neoformabcn.com\/wp-content\/uploads\/2023\/11\/cocinas-dsc02405.jpg 1440w, https:\/\/neoformabcn.com\/wp-content\/uploads\/2023\/11\/cocinas-dsc02405-203x270.jpg 203w, https:\/\/neoformabcn.com\/wp-content\/uploads\/2023\/11\/cocinas-dsc02405-768x1024.jpg 768w, https:\/\/neoformabcn.com\/wp-content\/uploads\/2023\/11\/cocinas-dsc02405-1152x1536.jpg 1152w, https:\/\/neoformabcn.com\/wp-content\/uploads\/2023\/11\/cocinas-dsc02405-225x300.jpg 225w\" sizes=\"(max-width: 1440px) 100vw, 1440px\" \/><\/figure><\/a><a class=\"single-gallery-image none\" href=\"https:\/\/neoformabcn.com\/wp-content\/uploads\/2023\/11\/cocinas-dsc02415.jpg\" role=\"button\"><figure><img loading=\"lazy\" decoding=\"async\" width=\"1920\" height=\"1440\" src=\"https:\/\/neoformabcn.com\/wp-content\/uploads\/2023\/11\/cocinas-dsc02415.jpg\" alt=\"Gallery Image\" class=\"wp-image-615\" srcset=\"https:\/\/neoformabcn.com\/wp-content\/uploads\/2023\/11\/cocinas-dsc02415.jpg 1920w, https:\/\/neoformabcn.com\/wp-content\/uploads\/2023\/11\/cocinas-dsc02415-360x270.jpg 360w, https:\/\/neoformabcn.com\/wp-content\/uploads\/2023\/11\/cocinas-dsc02415-768x576.jpg 768w, https:\/\/neoformabcn.com\/wp-content\/uploads\/2023\/11\/cocinas-dsc02415-1600x1200.jpg 1600w, https:\/\/neoformabcn.com\/wp-content\/uploads\/2023\/11\/cocinas-dsc02415-1536x1152.jpg 1536w, https:\/\/neoformabcn.com\/wp-content\/uploads\/2023\/11\/cocinas-dsc02415-300x225.jpg 300w\" sizes=\"(max-width: 1920px) 100vw, 1920px\" \/><\/figure><\/a><\/div>\n<\/div>\n<\/section>\n\n\n","protected":false},"excerpt":{"rendered":"<p>Hacemos todo tipo de reformas, cocinas integrales, est\u00e1ndar y a medida, tambi\u00e9n realizamos solo cambio de muebles, encimeras, electrodom\u00e9sticos\u2026<\/p>\n","protected":false},"author":1,"featured_media":0,"parent":224,"menu_order":14,"comment_status":"closed","ping_status":"closed","template":"","meta":{"_seopress_robots_primary_cat":"","_seopress_titles_title":"","_seopress_titles_desc":"","_seopress_robots_index":"","inline_featured_image":false,"footnotes":""},"_links":{"self":[{"href":"https:\/\/neoformabcn.com\/es\/wp-json\/wp\/v2\/pages\/221"}],"collection":[{"href":"https:\/\/neoformabcn.com\/es\/wp-json\/wp\/v2\/pages"}],"about":[{"href":"https:\/\/neoformabcn.com\/es\/wp-json\/wp\/v2\/types\/page"}],"author":[{"embeddable":true,"href":"https:\/\/neoformabcn.com\/es\/wp-json\/wp\/v2\/users\/1"}],"replies":[{"embeddable":true,"href":"https:\/\/neoformabcn.com\/es\/wp-json\/wp\/v2\/comments?post=221"}],"version-history":[{"count":0,"href":"https:\/\/neoformabcn.com\/es\/wp-json\/wp\/v2\/pages\/221\/revisions"}],"up":[{"embeddable":true,"href":"https:\/\/neoformabcn.com\/es\/wp-json\/wp\/v2\/pages\/224"}],"wp:attachment":[{"href":"https:\/\/neoformabcn.com\/es\/wp-json\/wp\/v2\/media?parent=221"}],"curies":[{"name":"wp","href":"https:\/\/api.w.org\/{rel}","templated":true}]}}