{"id":222,"date":"2023-10-24T08:10:32","date_gmt":"2023-10-24T06:10:32","guid":{"rendered":"https:\/\/neoformabcn.com\/reforma-banys\/"},"modified":"2023-11-28T12:02:32","modified_gmt":"2023-11-28T11:02:32","slug":"reformas-banos","status":"publish","type":"page","link":"https:\/\/neoformabcn.com\/es\/servicios\/reformas-banos\/","title":{"rendered":"Reformas ba\u00f1os"},"content":{"rendered":"\n<header class=\"wp-block-cover alignfull\" style=\"min-height:50vh\"><span aria-hidden=\"true\" class=\"wp-block-cover__background has-background-dim-0 has-background-dim\"><\/span><img loading=\"lazy\" decoding=\"async\" width=\"800\" height=\"600\" class=\"wp-block-cover__image-background wp-image-71\" alt=\"\" src=\"https:\/\/neoformabcn.com\/wp-content\/uploads\/2023\/10\/reformas-16-rv2.jpg\" data-object-fit=\"cover\" srcset=\"https:\/\/neoformabcn.com\/wp-content\/uploads\/2023\/10\/reformas-16-rv2.jpg 800w, https:\/\/neoformabcn.com\/wp-content\/uploads\/2023\/10\/reformas-16-rv2-360x270.jpg 360w, https:\/\/neoformabcn.com\/wp-content\/uploads\/2023\/10\/reformas-16-rv2-768x576.jpg 768w, https:\/\/neoformabcn.com\/wp-content\/uploads\/2023\/10\/reformas-16-rv2-300x225.jpg 300w\" sizes=\"(max-width: 800px) 100vw, 800px\" \/><div class=\"wp-block-cover__inner-container is-layout-constrained wp-block-cover-is-layout-constrained\">\n<p class=\"has-text-align-center has-large-font-size\"><\/p>\n<\/div><\/header>\n\n\n\n<div class=\"wp-block-group alignfull is-style-section is-layout-constrained wp-block-group-is-layout-constrained\">\n<div class=\"wp-block-group aligncenter is-layout-constrained wp-block-group-is-layout-constrained\"><h2 class=\"wp-block-post-title\">Reformas ba\u00f1os<\/h2>\n\n\n<p>Realizamos reformas de ba\u00f1os, modificaciones de distribuci\u00f3n, cambio de ba\u00f1era por todo tipo de duchas, trabajamos con distintos proveedores para encontrar los materiales que se adapten a las distintas necesidades.<\/p>\n<\/div>\n<\/div>\n\n\n\n<section class=\"wp-block-group alignfull is-style-section galleria-masonry__wrapper is-layout-constrained wp-block-group-is-layout-constrained\">\n<div class=\"wp-block-group alignwide is-style-default galleria-masonry__inner-wrapper is-layout-flow wp-block-group-is-layout-flow\">\n<div class=\"wp-block-migb-masonry-gallery migb_c926dade galleria-masonry\" data-id=\"c926dade\" id=\"c926dade\"><a class=\"single-gallery-image none\" href=\"https:\/\/neoformabcn.com\/wp-content\/uploads\/2023\/11\/banos-1ed2fab8-400f-4bd7-9eea-d30b833ec531.jpg\" role=\"button\"><figure><img loading=\"lazy\" decoding=\"async\" width=\"1500\" height=\"2000\" src=\"https:\/\/neoformabcn.com\/wp-content\/uploads\/2023\/11\/banos-1ed2fab8-400f-4bd7-9eea-d30b833ec531.jpg\" alt=\"Gallery Image\" class=\"wp-image-509\" srcset=\"https:\/\/neoformabcn.com\/wp-content\/uploads\/2023\/11\/banos-1ed2fab8-400f-4bd7-9eea-d30b833ec531.jpg 1500w, https:\/\/neoformabcn.com\/wp-content\/uploads\/2023\/11\/banos-1ed2fab8-400f-4bd7-9eea-d30b833ec531-203x270.jpg 203w, https:\/\/neoformabcn.com\/wp-content\/uploads\/2023\/11\/banos-1ed2fab8-400f-4bd7-9eea-d30b833ec531-768x1024.jpg 768w, https:\/\/neoformabcn.com\/wp-content\/uploads\/2023\/11\/banos-1ed2fab8-400f-4bd7-9eea-d30b833ec531-1152x1536.jpg 1152w, https:\/\/neoformabcn.com\/wp-content\/uploads\/2023\/11\/banos-1ed2fab8-400f-4bd7-9eea-d30b833ec531-225x300.jpg 225w\" sizes=\"(max-width: 1500px) 100vw, 1500px\" \/><\/figure><\/a><a class=\"single-gallery-image none\" href=\"https:\/\/neoformabcn.com\/wp-content\/uploads\/2023\/11\/banos-27a4e32d-0600-4d52-b708-0752cf7dfd54.jpg\" role=\"button\"><figure><img loading=\"lazy\" decoding=\"async\" width=\"1500\" height=\"2000\" src=\"https:\/\/neoformabcn.com\/wp-content\/uploads\/2023\/11\/banos-27a4e32d-0600-4d52-b708-0752cf7dfd54.jpg\" alt=\"Gallery Image\" class=\"wp-image-511\" srcset=\"https:\/\/neoformabcn.com\/wp-content\/uploads\/2023\/11\/banos-27a4e32d-0600-4d52-b708-0752cf7dfd54.jpg 1500w, https:\/\/neoformabcn.com\/wp-content\/uploads\/2023\/11\/banos-27a4e32d-0600-4d52-b708-0752cf7dfd54-203x270.jpg 203w, https:\/\/neoformabcn.com\/wp-content\/uploads\/2023\/11\/banos-27a4e32d-0600-4d52-b708-0752cf7dfd54-768x1024.jpg 768w, https:\/\/neoformabcn.com\/wp-content\/uploads\/2023\/11\/banos-27a4e32d-0600-4d52-b708-0752cf7dfd54-1152x1536.jpg 1152w, https:\/\/neoformabcn.com\/wp-content\/uploads\/2023\/11\/banos-27a4e32d-0600-4d52-b708-0752cf7dfd54-225x300.jpg 225w\" sizes=\"(max-width: 1500px) 100vw, 1500px\" \/><\/figure><\/a><a class=\"single-gallery-image none\" href=\"https:\/\/neoformabcn.com\/wp-content\/uploads\/2023\/11\/banos-51d6151e-7b5d-4652-a547-13c49f0cff2d.jpg\" role=\"button\"><figure><img loading=\"lazy\" decoding=\"async\" width=\"1500\" height=\"2000\" src=\"https:\/\/neoformabcn.com\/wp-content\/uploads\/2023\/11\/banos-51d6151e-7b5d-4652-a547-13c49f0cff2d.jpg\" alt=\"Gallery Image\" class=\"wp-image-513\" srcset=\"https:\/\/neoformabcn.com\/wp-content\/uploads\/2023\/11\/banos-51d6151e-7b5d-4652-a547-13c49f0cff2d.jpg 1500w, https:\/\/neoformabcn.com\/wp-content\/uploads\/2023\/11\/banos-51d6151e-7b5d-4652-a547-13c49f0cff2d-203x270.jpg 203w, https:\/\/neoformabcn.com\/wp-content\/uploads\/2023\/11\/banos-51d6151e-7b5d-4652-a547-13c49f0cff2d-768x1024.jpg 768w, https:\/\/neoformabcn.com\/wp-content\/uploads\/2023\/11\/banos-51d6151e-7b5d-4652-a547-13c49f0cff2d-1152x1536.jpg 1152w, https:\/\/neoformabcn.com\/wp-content\/uploads\/2023\/11\/banos-51d6151e-7b5d-4652-a547-13c49f0cff2d-225x300.jpg 225w\" sizes=\"(max-width: 1500px) 100vw, 1500px\" \/><\/figure><\/a><a class=\"single-gallery-image none\" href=\"https:\/\/neoformabcn.com\/wp-content\/uploads\/2023\/11\/banos-83a338cc-7c68-4c17-9915-ac14cfcd845e.jpg\" role=\"button\"><figure><img loading=\"lazy\" decoding=\"async\" width=\"1500\" height=\"2000\" src=\"https:\/\/neoformabcn.com\/wp-content\/uploads\/2023\/11\/banos-83a338cc-7c68-4c17-9915-ac14cfcd845e.jpg\" alt=\"Gallery Image\" class=\"wp-image-515\" srcset=\"https:\/\/neoformabcn.com\/wp-content\/uploads\/2023\/11\/banos-83a338cc-7c68-4c17-9915-ac14cfcd845e.jpg 1500w, https:\/\/neoformabcn.com\/wp-content\/uploads\/2023\/11\/banos-83a338cc-7c68-4c17-9915-ac14cfcd845e-203x270.jpg 203w, https:\/\/neoformabcn.com\/wp-content\/uploads\/2023\/11\/banos-83a338cc-7c68-4c17-9915-ac14cfcd845e-768x1024.jpg 768w, https:\/\/neoformabcn.com\/wp-content\/uploads\/2023\/11\/banos-83a338cc-7c68-4c17-9915-ac14cfcd845e-1152x1536.jpg 1152w, https:\/\/neoformabcn.com\/wp-content\/uploads\/2023\/11\/banos-83a338cc-7c68-4c17-9915-ac14cfcd845e-225x300.jpg 225w\" sizes=\"(max-width: 1500px) 100vw, 1500px\" \/><\/figure><\/a><a class=\"single-gallery-image none\" href=\"https:\/\/neoformabcn.com\/wp-content\/uploads\/2023\/11\/banos-091a04b0-97ab-468a-961e-9eeef8d98353.jpg\" role=\"button\"><figure><img loading=\"lazy\" decoding=\"async\" width=\"899\" height=\"1599\" src=\"https:\/\/neoformabcn.com\/wp-content\/uploads\/2023\/11\/banos-091a04b0-97ab-468a-961e-9eeef8d98353.jpg\" alt=\"Gallery Image\" class=\"wp-image-517\" srcset=\"https:\/\/neoformabcn.com\/wp-content\/uploads\/2023\/11\/banos-091a04b0-97ab-468a-961e-9eeef8d98353.jpg 899w, https:\/\/neoformabcn.com\/wp-content\/uploads\/2023\/11\/banos-091a04b0-97ab-468a-961e-9eeef8d98353-152x270.jpg 152w, https:\/\/neoformabcn.com\/wp-content\/uploads\/2023\/11\/banos-091a04b0-97ab-468a-961e-9eeef8d98353-768x1366.jpg 768w, https:\/\/neoformabcn.com\/wp-content\/uploads\/2023\/11\/banos-091a04b0-97ab-468a-961e-9eeef8d98353-864x1536.jpg 864w, https:\/\/neoformabcn.com\/wp-content\/uploads\/2023\/11\/banos-091a04b0-97ab-468a-961e-9eeef8d98353-169x300.jpg 169w\" sizes=\"(max-width: 899px) 100vw, 899px\" \/><\/figure><\/a><a class=\"single-gallery-image none\" href=\"https:\/\/neoformabcn.com\/wp-content\/uploads\/2023\/11\/banos-dsc00641.jpg\" role=\"button\"><figure><img loading=\"lazy\" decoding=\"async\" width=\"1440\" height=\"1920\" src=\"https:\/\/neoformabcn.com\/wp-content\/uploads\/2023\/11\/banos-dsc00641.jpg\" alt=\"Gallery Image\" class=\"wp-image-519\" srcset=\"https:\/\/neoformabcn.com\/wp-content\/uploads\/2023\/11\/banos-dsc00641.jpg 1440w, https:\/\/neoformabcn.com\/wp-content\/uploads\/2023\/11\/banos-dsc00641-203x270.jpg 203w, https:\/\/neoformabcn.com\/wp-content\/uploads\/2023\/11\/banos-dsc00641-768x1024.jpg 768w, https:\/\/neoformabcn.com\/wp-content\/uploads\/2023\/11\/banos-dsc00641-1152x1536.jpg 1152w, https:\/\/neoformabcn.com\/wp-content\/uploads\/2023\/11\/banos-dsc00641-225x300.jpg 225w\" sizes=\"(max-width: 1440px) 100vw, 1440px\" \/><\/figure><\/a><a class=\"single-gallery-image none\" href=\"https:\/\/neoformabcn.com\/wp-content\/uploads\/2023\/11\/banos-dsc00648.jpg\" role=\"button\"><figure><img loading=\"lazy\" decoding=\"async\" width=\"1440\" height=\"1920\" src=\"https:\/\/neoformabcn.com\/wp-content\/uploads\/2023\/11\/banos-dsc00648.jpg\" alt=\"Gallery Image\" class=\"wp-image-521\" srcset=\"https:\/\/neoformabcn.com\/wp-content\/uploads\/2023\/11\/banos-dsc00648.jpg 1440w, https:\/\/neoformabcn.com\/wp-content\/uploads\/2023\/11\/banos-dsc00648-203x270.jpg 203w, https:\/\/neoformabcn.com\/wp-content\/uploads\/2023\/11\/banos-dsc00648-768x1024.jpg 768w, https:\/\/neoformabcn.com\/wp-content\/uploads\/2023\/11\/banos-dsc00648-1152x1536.jpg 1152w, https:\/\/neoformabcn.com\/wp-content\/uploads\/2023\/11\/banos-dsc00648-225x300.jpg 225w\" sizes=\"(max-width: 1440px) 100vw, 1440px\" \/><\/figure><\/a><a class=\"single-gallery-image none\" href=\"https:\/\/neoformabcn.com\/wp-content\/uploads\/2023\/11\/banos-dsc00658.jpg\" role=\"button\"><figure><img loading=\"lazy\" decoding=\"async\" width=\"1440\" height=\"1920\" src=\"https:\/\/neoformabcn.com\/wp-content\/uploads\/2023\/11\/banos-dsc00658.jpg\" alt=\"Gallery Image\" class=\"wp-image-523\" srcset=\"https:\/\/neoformabcn.com\/wp-content\/uploads\/2023\/11\/banos-dsc00658.jpg 1440w, https:\/\/neoformabcn.com\/wp-content\/uploads\/2023\/11\/banos-dsc00658-203x270.jpg 203w, https:\/\/neoformabcn.com\/wp-content\/uploads\/2023\/11\/banos-dsc00658-768x1024.jpg 768w, https:\/\/neoformabcn.com\/wp-content\/uploads\/2023\/11\/banos-dsc00658-1152x1536.jpg 1152w, https:\/\/neoformabcn.com\/wp-content\/uploads\/2023\/11\/banos-dsc00658-225x300.jpg 225w\" sizes=\"(max-width: 1440px) 100vw, 1440px\" \/><\/figure><\/a><a class=\"single-gallery-image none\" href=\"https:\/\/neoformabcn.com\/wp-content\/uploads\/2023\/11\/banos-dsc00767.jpg\" role=\"button\"><figure><img loading=\"lazy\" decoding=\"async\" width=\"1440\" height=\"1920\" src=\"https:\/\/neoformabcn.com\/wp-content\/uploads\/2023\/11\/banos-dsc00767.jpg\" alt=\"Gallery Image\" class=\"wp-image-525\" srcset=\"https:\/\/neoformabcn.com\/wp-content\/uploads\/2023\/11\/banos-dsc00767.jpg 1440w, https:\/\/neoformabcn.com\/wp-content\/uploads\/2023\/11\/banos-dsc00767-203x270.jpg 203w, https:\/\/neoformabcn.com\/wp-content\/uploads\/2023\/11\/banos-dsc00767-768x1024.jpg 768w, https:\/\/neoformabcn.com\/wp-content\/uploads\/2023\/11\/banos-dsc00767-1152x1536.jpg 1152w, https:\/\/neoformabcn.com\/wp-content\/uploads\/2023\/11\/banos-dsc00767-225x300.jpg 225w\" sizes=\"(max-width: 1440px) 100vw, 1440px\" \/><\/figure><\/a><a class=\"single-gallery-image none\" href=\"https:\/\/neoformabcn.com\/wp-content\/uploads\/2023\/11\/banos-dsc00778.jpg\" role=\"button\"><figure><img loading=\"lazy\" decoding=\"async\" width=\"1440\" height=\"1920\" src=\"https:\/\/neoformabcn.com\/wp-content\/uploads\/2023\/11\/banos-dsc00778.jpg\" alt=\"Gallery Image\" class=\"wp-image-527\" srcset=\"https:\/\/neoformabcn.com\/wp-content\/uploads\/2023\/11\/banos-dsc00778.jpg 1440w, https:\/\/neoformabcn.com\/wp-content\/uploads\/2023\/11\/banos-dsc00778-203x270.jpg 203w, https:\/\/neoformabcn.com\/wp-content\/uploads\/2023\/11\/banos-dsc00778-768x1024.jpg 768w, https:\/\/neoformabcn.com\/wp-content\/uploads\/2023\/11\/banos-dsc00778-1152x1536.jpg 1152w, https:\/\/neoformabcn.com\/wp-content\/uploads\/2023\/11\/banos-dsc00778-225x300.jpg 225w\" sizes=\"(max-width: 1440px) 100vw, 1440px\" \/><\/figure><\/a><a class=\"single-gallery-image none\" href=\"https:\/\/neoformabcn.com\/wp-content\/uploads\/2023\/11\/banos-dsc00832.jpg\" role=\"button\"><figure><img loading=\"lazy\" decoding=\"async\" width=\"1440\" height=\"1920\" src=\"https:\/\/neoformabcn.com\/wp-content\/uploads\/2023\/11\/banos-dsc00832.jpg\" alt=\"Gallery Image\" class=\"wp-image-529\" srcset=\"https:\/\/neoformabcn.com\/wp-content\/uploads\/2023\/11\/banos-dsc00832.jpg 1440w, https:\/\/neoformabcn.com\/wp-content\/uploads\/2023\/11\/banos-dsc00832-203x270.jpg 203w, https:\/\/neoformabcn.com\/wp-content\/uploads\/2023\/11\/banos-dsc00832-768x1024.jpg 768w, https:\/\/neoformabcn.com\/wp-content\/uploads\/2023\/11\/banos-dsc00832-1152x1536.jpg 1152w, https:\/\/neoformabcn.com\/wp-content\/uploads\/2023\/11\/banos-dsc00832-225x300.jpg 225w\" sizes=\"(max-width: 1440px) 100vw, 1440px\" \/><\/figure><\/a><a class=\"single-gallery-image none\" href=\"https:\/\/neoformabcn.com\/wp-content\/uploads\/2023\/11\/banos-dsc00843.jpg\" role=\"button\"><figure><img loading=\"lazy\" decoding=\"async\" width=\"1440\" height=\"1920\" src=\"https:\/\/neoformabcn.com\/wp-content\/uploads\/2023\/11\/banos-dsc00843.jpg\" alt=\"Gallery Image\" class=\"wp-image-531\" srcset=\"https:\/\/neoformabcn.com\/wp-content\/uploads\/2023\/11\/banos-dsc00843.jpg 1440w, https:\/\/neoformabcn.com\/wp-content\/uploads\/2023\/11\/banos-dsc00843-203x270.jpg 203w, https:\/\/neoformabcn.com\/wp-content\/uploads\/2023\/11\/banos-dsc00843-768x1024.jpg 768w, https:\/\/neoformabcn.com\/wp-content\/uploads\/2023\/11\/banos-dsc00843-1152x1536.jpg 1152w, https:\/\/neoformabcn.com\/wp-content\/uploads\/2023\/11\/banos-dsc00843-225x300.jpg 225w\" sizes=\"(max-width: 1440px) 100vw, 1440px\" \/><\/figure><\/a><a class=\"single-gallery-image none\" href=\"https:\/\/neoformabcn.com\/wp-content\/uploads\/2023\/11\/banos-dsc00869.jpg\" role=\"button\"><figure><img loading=\"lazy\" decoding=\"async\" width=\"1440\" height=\"1920\" src=\"https:\/\/neoformabcn.com\/wp-content\/uploads\/2023\/11\/banos-dsc00869.jpg\" alt=\"Gallery Image\" class=\"wp-image-533\" srcset=\"https:\/\/neoformabcn.com\/wp-content\/uploads\/2023\/11\/banos-dsc00869.jpg 1440w, https:\/\/neoformabcn.com\/wp-content\/uploads\/2023\/11\/banos-dsc00869-203x270.jpg 203w, https:\/\/neoformabcn.com\/wp-content\/uploads\/2023\/11\/banos-dsc00869-768x1024.jpg 768w, https:\/\/neoformabcn.com\/wp-content\/uploads\/2023\/11\/banos-dsc00869-1152x1536.jpg 1152w, https:\/\/neoformabcn.com\/wp-content\/uploads\/2023\/11\/banos-dsc00869-225x300.jpg 225w\" sizes=\"(max-width: 1440px) 100vw, 1440px\" \/><\/figure><\/a><a class=\"single-gallery-image none\" href=\"https:\/\/neoformabcn.com\/wp-content\/uploads\/2023\/11\/banos-dsc00902.jpg\" role=\"button\"><figure><img loading=\"lazy\" decoding=\"async\" width=\"1440\" height=\"1920\" src=\"https:\/\/neoformabcn.com\/wp-content\/uploads\/2023\/11\/banos-dsc00902.jpg\" alt=\"Gallery Image\" class=\"wp-image-535\" srcset=\"https:\/\/neoformabcn.com\/wp-content\/uploads\/2023\/11\/banos-dsc00902.jpg 1440w, https:\/\/neoformabcn.com\/wp-content\/uploads\/2023\/11\/banos-dsc00902-203x270.jpg 203w, https:\/\/neoformabcn.com\/wp-content\/uploads\/2023\/11\/banos-dsc00902-768x1024.jpg 768w, https:\/\/neoformabcn.com\/wp-content\/uploads\/2023\/11\/banos-dsc00902-1152x1536.jpg 1152w, https:\/\/neoformabcn.com\/wp-content\/uploads\/2023\/11\/banos-dsc00902-225x300.jpg 225w\" sizes=\"(max-width: 1440px) 100vw, 1440px\" \/><\/figure><\/a><a class=\"single-gallery-image none\" href=\"https:\/\/neoformabcn.com\/wp-content\/uploads\/2023\/11\/banos-dsc00906.jpg\" role=\"button\"><figure><img loading=\"lazy\" decoding=\"async\" width=\"1440\" height=\"1920\" src=\"https:\/\/neoformabcn.com\/wp-content\/uploads\/2023\/11\/banos-dsc00906.jpg\" alt=\"Gallery Image\" class=\"wp-image-537\" srcset=\"https:\/\/neoformabcn.com\/wp-content\/uploads\/2023\/11\/banos-dsc00906.jpg 1440w, https:\/\/neoformabcn.com\/wp-content\/uploads\/2023\/11\/banos-dsc00906-203x270.jpg 203w, https:\/\/neoformabcn.com\/wp-content\/uploads\/2023\/11\/banos-dsc00906-768x1024.jpg 768w, https:\/\/neoformabcn.com\/wp-content\/uploads\/2023\/11\/banos-dsc00906-1152x1536.jpg 1152w, https:\/\/neoformabcn.com\/wp-content\/uploads\/2023\/11\/banos-dsc00906-225x300.jpg 225w\" sizes=\"(max-width: 1440px) 100vw, 1440px\" \/><\/figure><\/a><a class=\"single-gallery-image none\" href=\"https:\/\/neoformabcn.com\/wp-content\/uploads\/2023\/11\/banos-foto6.jpg\" role=\"button\"><figure><img loading=\"lazy\" decoding=\"async\" width=\"1920\" height=\"1440\" src=\"https:\/\/neoformabcn.com\/wp-content\/uploads\/2023\/11\/banos-foto6.jpg\" alt=\"Gallery Image\" class=\"wp-image-539\" srcset=\"https:\/\/neoformabcn.com\/wp-content\/uploads\/2023\/11\/banos-foto6.jpg 1920w, https:\/\/neoformabcn.com\/wp-content\/uploads\/2023\/11\/banos-foto6-360x270.jpg 360w, https:\/\/neoformabcn.com\/wp-content\/uploads\/2023\/11\/banos-foto6-768x576.jpg 768w, https:\/\/neoformabcn.com\/wp-content\/uploads\/2023\/11\/banos-foto6-1600x1200.jpg 1600w, https:\/\/neoformabcn.com\/wp-content\/uploads\/2023\/11\/banos-foto6-1536x1152.jpg 1536w, https:\/\/neoformabcn.com\/wp-content\/uploads\/2023\/11\/banos-foto6-300x225.jpg 300w\" sizes=\"(max-width: 1920px) 100vw, 1920px\" \/><\/figure><\/a><\/div>\n<\/div>\n<\/section>\n\n\n","protected":false},"excerpt":{"rendered":"<p>Realizamos reformas de ba\u00f1os, modificaciones de distribuci\u00f3n, cambio de ba\u00f1era por todo tipo de duchas, trabajamos con distintos proveedores para encontrar los materiales que se adapten a las distintas necesidades.<\/p>\n","protected":false},"author":1,"featured_media":0,"parent":224,"menu_order":11,"comment_status":"closed","ping_status":"closed","template":"","meta":{"_seopress_robots_primary_cat":"","_seopress_titles_title":"","_seopress_titles_desc":"","_seopress_robots_index":"","inline_featured_image":false,"footnotes":""},"_links":{"self":[{"href":"https:\/\/neoformabcn.com\/es\/wp-json\/wp\/v2\/pages\/222"}],"collection":[{"href":"https:\/\/neoformabcn.com\/es\/wp-json\/wp\/v2\/pages"}],"about":[{"href":"https:\/\/neoformabcn.com\/es\/wp-json\/wp\/v2\/types\/page"}],"author":[{"embeddable":true,"href":"https:\/\/neoformabcn.com\/es\/wp-json\/wp\/v2\/users\/1"}],"replies":[{"embeddable":true,"href":"https:\/\/neoformabcn.com\/es\/wp-json\/wp\/v2\/comments?post=222"}],"version-history":[{"count":0,"href":"https:\/\/neoformabcn.com\/es\/wp-json\/wp\/v2\/pages\/222\/revisions"}],"up":[{"embeddable":true,"href":"https:\/\/neoformabcn.com\/es\/wp-json\/wp\/v2\/pages\/224"}],"wp:attachment":[{"href":"https:\/\/neoformabcn.com\/es\/wp-json\/wp\/v2\/media?parent=222"}],"curies":[{"name":"wp","href":"https:\/\/api.w.org\/{rel}","templated":true}]}}