{"id":223,"date":"2023-10-23T16:23:12","date_gmt":"2023-10-23T14:23:12","guid":{"rendered":"https:\/\/neoformabcn.com\/reformes-integrals\/"},"modified":"2023-11-28T11:45:36","modified_gmt":"2023-11-28T10:45:36","slug":"reformas-integrales","status":"publish","type":"page","link":"https:\/\/neoformabcn.com\/es\/servicios\/reformas-integrales\/","title":{"rendered":"Reformas integrales"},"content":{"rendered":"\n<header class=\"wp-block-cover alignfull is-light\" style=\"min-height:50vh\"><span aria-hidden=\"true\" class=\"wp-block-cover__background has-background-dim-0 has-background-dim\"><\/span><img loading=\"lazy\" decoding=\"async\" width=\"1920\" height=\"615\" class=\"wp-block-cover__image-background wp-image-37\" alt=\"\" src=\"https:\/\/neoformabcn.com\/wp-content\/uploads\/2023\/10\/cabecera-sample-3.jpg\" data-object-fit=\"cover\" srcset=\"https:\/\/neoformabcn.com\/wp-content\/uploads\/2023\/10\/cabecera-sample-3.jpg 1920w, https:\/\/neoformabcn.com\/wp-content\/uploads\/2023\/10\/cabecera-sample-3-400x128.jpg 400w, https:\/\/neoformabcn.com\/wp-content\/uploads\/2023\/10\/cabecera-sample-3-768x246.jpg 768w, https:\/\/neoformabcn.com\/wp-content\/uploads\/2023\/10\/cabecera-sample-3-1600x513.jpg 1600w, https:\/\/neoformabcn.com\/wp-content\/uploads\/2023\/10\/cabecera-sample-3-1536x492.jpg 1536w, https:\/\/neoformabcn.com\/wp-content\/uploads\/2023\/10\/cabecera-sample-3-300x96.jpg 300w\" sizes=\"(max-width: 1920px) 100vw, 1920px\" \/><div class=\"wp-block-cover__inner-container is-layout-constrained wp-block-cover-is-layout-constrained\">\n<p class=\"has-text-align-center has-large-font-size\"><\/p>\n<\/div><\/header>\n\n\n\n<div class=\"wp-block-group alignfull is-style-section is-layout-constrained wp-block-group-is-layout-constrained\">\n<div class=\"wp-block-group aligncenter is-layout-constrained wp-block-group-is-layout-constrained\"><h2 class=\"wp-block-post-title\">Reformas integrales<\/h2>\n\n\n<p>Cocinas, ba\u00f1os, paredes, pavimentos y falsos techos de todo tipo, cornisas-elementos decorativos, puertas de interior\/exterior, ventanas, todo tipo de instalaciones ( agua, luz \u2026) encimeras, sanitarios, electrodom\u00e9sticos, mobiliario en general de cocina y ba\u00f1os a medida o est\u00e1ndar.<\/p>\n<\/div>\n<\/div>\n\n\n\n<section class=\"wp-block-group alignfull is-style-section galleria-masonry__wrapper is-layout-constrained wp-block-group-is-layout-constrained\">\n<div class=\"wp-block-group alignwide is-style-default galleria-masonry__inner-wrapper is-layout-flow wp-block-group-is-layout-flow\">\n<div class=\"wp-block-migb-masonry-gallery migb_4e151605 galleria-masonry\" data-id=\"4e151605\" id=\"4e151605\"><a class=\"single-gallery-image none\" href=\"https:\/\/neoformabcn.com\/wp-content\/uploads\/2023\/11\/reformas-integrales-25e486cc-77a5-42d8-8e44-057e2ba4f4e4.jpg\" role=\"button\"><figure><img loading=\"lazy\" decoding=\"async\" width=\"1080\" height=\"1920\" src=\"https:\/\/neoformabcn.com\/wp-content\/uploads\/2023\/11\/reformas-integrales-25e486cc-77a5-42d8-8e44-057e2ba4f4e4.jpg\" alt=\"Gallery Image\" class=\"wp-image-617\" srcset=\"https:\/\/neoformabcn.com\/wp-content\/uploads\/2023\/11\/reformas-integrales-25e486cc-77a5-42d8-8e44-057e2ba4f4e4.jpg 1080w, https:\/\/neoformabcn.com\/wp-content\/uploads\/2023\/11\/reformas-integrales-25e486cc-77a5-42d8-8e44-057e2ba4f4e4-152x270.jpg 152w, https:\/\/neoformabcn.com\/wp-content\/uploads\/2023\/11\/reformas-integrales-25e486cc-77a5-42d8-8e44-057e2ba4f4e4-768x1365.jpg 768w, https:\/\/neoformabcn.com\/wp-content\/uploads\/2023\/11\/reformas-integrales-25e486cc-77a5-42d8-8e44-057e2ba4f4e4-864x1536.jpg 864w, https:\/\/neoformabcn.com\/wp-content\/uploads\/2023\/11\/reformas-integrales-25e486cc-77a5-42d8-8e44-057e2ba4f4e4-169x300.jpg 169w\" sizes=\"(max-width: 1080px) 100vw, 1080px\" \/><\/figure><\/a><a class=\"single-gallery-image none\" href=\"https:\/\/neoformabcn.com\/wp-content\/uploads\/2023\/11\/reformas-integrales-29ae9bc0-0804-49ca-abab-86e3289082a2.jpg\" role=\"button\"><figure><img loading=\"lazy\" decoding=\"async\" width=\"1080\" height=\"1920\" src=\"https:\/\/neoformabcn.com\/wp-content\/uploads\/2023\/11\/reformas-integrales-29ae9bc0-0804-49ca-abab-86e3289082a2.jpg\" alt=\"Gallery Image\" class=\"wp-image-619\" srcset=\"https:\/\/neoformabcn.com\/wp-content\/uploads\/2023\/11\/reformas-integrales-29ae9bc0-0804-49ca-abab-86e3289082a2.jpg 1080w, https:\/\/neoformabcn.com\/wp-content\/uploads\/2023\/11\/reformas-integrales-29ae9bc0-0804-49ca-abab-86e3289082a2-152x270.jpg 152w, https:\/\/neoformabcn.com\/wp-content\/uploads\/2023\/11\/reformas-integrales-29ae9bc0-0804-49ca-abab-86e3289082a2-768x1365.jpg 768w, https:\/\/neoformabcn.com\/wp-content\/uploads\/2023\/11\/reformas-integrales-29ae9bc0-0804-49ca-abab-86e3289082a2-864x1536.jpg 864w, https:\/\/neoformabcn.com\/wp-content\/uploads\/2023\/11\/reformas-integrales-29ae9bc0-0804-49ca-abab-86e3289082a2-169x300.jpg 169w\" sizes=\"(max-width: 1080px) 100vw, 1080px\" \/><\/figure><\/a><a class=\"single-gallery-image none\" href=\"https:\/\/neoformabcn.com\/wp-content\/uploads\/2023\/11\/reformas-integrales-cocina-pat2.jpg\" role=\"button\"><figure><img loading=\"lazy\" decoding=\"async\" width=\"1440\" height=\"1920\" src=\"https:\/\/neoformabcn.com\/wp-content\/uploads\/2023\/11\/reformas-integrales-cocina-pat2.jpg\" alt=\"Gallery Image\" class=\"wp-image-621\" srcset=\"https:\/\/neoformabcn.com\/wp-content\/uploads\/2023\/11\/reformas-integrales-cocina-pat2.jpg 1440w, https:\/\/neoformabcn.com\/wp-content\/uploads\/2023\/11\/reformas-integrales-cocina-pat2-203x270.jpg 203w, https:\/\/neoformabcn.com\/wp-content\/uploads\/2023\/11\/reformas-integrales-cocina-pat2-768x1024.jpg 768w, https:\/\/neoformabcn.com\/wp-content\/uploads\/2023\/11\/reformas-integrales-cocina-pat2-1152x1536.jpg 1152w, https:\/\/neoformabcn.com\/wp-content\/uploads\/2023\/11\/reformas-integrales-cocina-pat2-225x300.jpg 225w\" sizes=\"(max-width: 1440px) 100vw, 1440px\" \/><\/figure><\/a><a class=\"single-gallery-image none\" href=\"https:\/\/neoformabcn.com\/wp-content\/uploads\/2023\/11\/reformas-integrales-dsc00418.jpg\" role=\"button\"><figure><img loading=\"lazy\" decoding=\"async\" width=\"1920\" height=\"1440\" src=\"https:\/\/neoformabcn.com\/wp-content\/uploads\/2023\/11\/reformas-integrales-dsc00418.jpg\" alt=\"Gallery Image\" class=\"wp-image-623\" srcset=\"https:\/\/neoformabcn.com\/wp-content\/uploads\/2023\/11\/reformas-integrales-dsc00418.jpg 1920w, https:\/\/neoformabcn.com\/wp-content\/uploads\/2023\/11\/reformas-integrales-dsc00418-360x270.jpg 360w, https:\/\/neoformabcn.com\/wp-content\/uploads\/2023\/11\/reformas-integrales-dsc00418-768x576.jpg 768w, https:\/\/neoformabcn.com\/wp-content\/uploads\/2023\/11\/reformas-integrales-dsc00418-1600x1200.jpg 1600w, https:\/\/neoformabcn.com\/wp-content\/uploads\/2023\/11\/reformas-integrales-dsc00418-1536x1152.jpg 1536w, https:\/\/neoformabcn.com\/wp-content\/uploads\/2023\/11\/reformas-integrales-dsc00418-300x225.jpg 300w\" sizes=\"(max-width: 1920px) 100vw, 1920px\" \/><\/figure><\/a><a class=\"single-gallery-image none\" href=\"https:\/\/neoformabcn.com\/wp-content\/uploads\/2023\/11\/reformas-integrales-dsc00419.jpg\" role=\"button\"><figure><img loading=\"lazy\" decoding=\"async\" width=\"1920\" height=\"1440\" src=\"https:\/\/neoformabcn.com\/wp-content\/uploads\/2023\/11\/reformas-integrales-dsc00419.jpg\" alt=\"Gallery Image\" class=\"wp-image-625\" srcset=\"https:\/\/neoformabcn.com\/wp-content\/uploads\/2023\/11\/reformas-integrales-dsc00419.jpg 1920w, https:\/\/neoformabcn.com\/wp-content\/uploads\/2023\/11\/reformas-integrales-dsc00419-360x270.jpg 360w, https:\/\/neoformabcn.com\/wp-content\/uploads\/2023\/11\/reformas-integrales-dsc00419-768x576.jpg 768w, https:\/\/neoformabcn.com\/wp-content\/uploads\/2023\/11\/reformas-integrales-dsc00419-1600x1200.jpg 1600w, https:\/\/neoformabcn.com\/wp-content\/uploads\/2023\/11\/reformas-integrales-dsc00419-1536x1152.jpg 1536w, https:\/\/neoformabcn.com\/wp-content\/uploads\/2023\/11\/reformas-integrales-dsc00419-300x225.jpg 300w\" sizes=\"(max-width: 1920px) 100vw, 1920px\" \/><\/figure><\/a><a class=\"single-gallery-image none\" href=\"https:\/\/neoformabcn.com\/wp-content\/uploads\/2023\/11\/reformas-integrales-dsc00420.jpg\" role=\"button\"><figure><img loading=\"lazy\" decoding=\"async\" width=\"1920\" height=\"1440\" src=\"https:\/\/neoformabcn.com\/wp-content\/uploads\/2023\/11\/reformas-integrales-dsc00420.jpg\" alt=\"Gallery Image\" class=\"wp-image-627\" srcset=\"https:\/\/neoformabcn.com\/wp-content\/uploads\/2023\/11\/reformas-integrales-dsc00420.jpg 1920w, https:\/\/neoformabcn.com\/wp-content\/uploads\/2023\/11\/reformas-integrales-dsc00420-360x270.jpg 360w, https:\/\/neoformabcn.com\/wp-content\/uploads\/2023\/11\/reformas-integrales-dsc00420-768x576.jpg 768w, https:\/\/neoformabcn.com\/wp-content\/uploads\/2023\/11\/reformas-integrales-dsc00420-1600x1200.jpg 1600w, https:\/\/neoformabcn.com\/wp-content\/uploads\/2023\/11\/reformas-integrales-dsc00420-1536x1152.jpg 1536w, https:\/\/neoformabcn.com\/wp-content\/uploads\/2023\/11\/reformas-integrales-dsc00420-300x225.jpg 300w\" sizes=\"(max-width: 1920px) 100vw, 1920px\" \/><\/figure><\/a><a class=\"single-gallery-image none\" href=\"https:\/\/neoformabcn.com\/wp-content\/uploads\/2023\/11\/reformas-integrales-dsc00421.jpg\" role=\"button\"><figure><img loading=\"lazy\" decoding=\"async\" width=\"1920\" height=\"1440\" src=\"https:\/\/neoformabcn.com\/wp-content\/uploads\/2023\/11\/reformas-integrales-dsc00421.jpg\" alt=\"Gallery Image\" class=\"wp-image-629\" srcset=\"https:\/\/neoformabcn.com\/wp-content\/uploads\/2023\/11\/reformas-integrales-dsc00421.jpg 1920w, https:\/\/neoformabcn.com\/wp-content\/uploads\/2023\/11\/reformas-integrales-dsc00421-360x270.jpg 360w, https:\/\/neoformabcn.com\/wp-content\/uploads\/2023\/11\/reformas-integrales-dsc00421-768x576.jpg 768w, https:\/\/neoformabcn.com\/wp-content\/uploads\/2023\/11\/reformas-integrales-dsc00421-1600x1200.jpg 1600w, https:\/\/neoformabcn.com\/wp-content\/uploads\/2023\/11\/reformas-integrales-dsc00421-1536x1152.jpg 1536w, https:\/\/neoformabcn.com\/wp-content\/uploads\/2023\/11\/reformas-integrales-dsc00421-300x225.jpg 300w\" sizes=\"(max-width: 1920px) 100vw, 1920px\" \/><\/figure><\/a><a class=\"single-gallery-image none\" href=\"https:\/\/neoformabcn.com\/wp-content\/uploads\/2023\/11\/reformas-integrales-dsc00467.jpg\" role=\"button\"><figure><img loading=\"lazy\" decoding=\"async\" width=\"1440\" height=\"1920\" src=\"https:\/\/neoformabcn.com\/wp-content\/uploads\/2023\/11\/reformas-integrales-dsc00467.jpg\" alt=\"Gallery Image\" class=\"wp-image-631\" srcset=\"https:\/\/neoformabcn.com\/wp-content\/uploads\/2023\/11\/reformas-integrales-dsc00467.jpg 1440w, https:\/\/neoformabcn.com\/wp-content\/uploads\/2023\/11\/reformas-integrales-dsc00467-203x270.jpg 203w, https:\/\/neoformabcn.com\/wp-content\/uploads\/2023\/11\/reformas-integrales-dsc00467-768x1024.jpg 768w, https:\/\/neoformabcn.com\/wp-content\/uploads\/2023\/11\/reformas-integrales-dsc00467-1152x1536.jpg 1152w, https:\/\/neoformabcn.com\/wp-content\/uploads\/2023\/11\/reformas-integrales-dsc00467-225x300.jpg 225w\" sizes=\"(max-width: 1440px) 100vw, 1440px\" \/><\/figure><\/a><a class=\"single-gallery-image none\" href=\"https:\/\/neoformabcn.com\/wp-content\/uploads\/2023\/11\/reformas-integrales-dsc00469.jpg\" role=\"button\"><figure><img loading=\"lazy\" decoding=\"async\" width=\"1440\" height=\"1920\" src=\"https:\/\/neoformabcn.com\/wp-content\/uploads\/2023\/11\/reformas-integrales-dsc00469.jpg\" alt=\"Gallery Image\" class=\"wp-image-633\" srcset=\"https:\/\/neoformabcn.com\/wp-content\/uploads\/2023\/11\/reformas-integrales-dsc00469.jpg 1440w, https:\/\/neoformabcn.com\/wp-content\/uploads\/2023\/11\/reformas-integrales-dsc00469-203x270.jpg 203w, https:\/\/neoformabcn.com\/wp-content\/uploads\/2023\/11\/reformas-integrales-dsc00469-768x1024.jpg 768w, https:\/\/neoformabcn.com\/wp-content\/uploads\/2023\/11\/reformas-integrales-dsc00469-1152x1536.jpg 1152w, https:\/\/neoformabcn.com\/wp-content\/uploads\/2023\/11\/reformas-integrales-dsc00469-225x300.jpg 225w\" sizes=\"(max-width: 1440px) 100vw, 1440px\" \/><\/figure><\/a><a class=\"single-gallery-image none\" href=\"https:\/\/neoformabcn.com\/wp-content\/uploads\/2023\/11\/reformas-integrales-dsc00634.jpg\" role=\"button\"><figure><img loading=\"lazy\" decoding=\"async\" width=\"1440\" height=\"1920\" src=\"https:\/\/neoformabcn.com\/wp-content\/uploads\/2023\/11\/reformas-integrales-dsc00634.jpg\" alt=\"Gallery Image\" class=\"wp-image-635\" srcset=\"https:\/\/neoformabcn.com\/wp-content\/uploads\/2023\/11\/reformas-integrales-dsc00634.jpg 1440w, https:\/\/neoformabcn.com\/wp-content\/uploads\/2023\/11\/reformas-integrales-dsc00634-203x270.jpg 203w, https:\/\/neoformabcn.com\/wp-content\/uploads\/2023\/11\/reformas-integrales-dsc00634-768x1024.jpg 768w, https:\/\/neoformabcn.com\/wp-content\/uploads\/2023\/11\/reformas-integrales-dsc00634-1152x1536.jpg 1152w, https:\/\/neoformabcn.com\/wp-content\/uploads\/2023\/11\/reformas-integrales-dsc00634-225x300.jpg 225w\" sizes=\"(max-width: 1440px) 100vw, 1440px\" \/><\/figure><\/a><a class=\"single-gallery-image none\" href=\"https:\/\/neoformabcn.com\/wp-content\/uploads\/2023\/11\/reformas-integrales-dsc00635.jpg\" role=\"button\"><figure><img loading=\"lazy\" decoding=\"async\" width=\"1440\" height=\"1920\" src=\"https:\/\/neoformabcn.com\/wp-content\/uploads\/2023\/11\/reformas-integrales-dsc00635.jpg\" alt=\"Gallery Image\" class=\"wp-image-637\" srcset=\"https:\/\/neoformabcn.com\/wp-content\/uploads\/2023\/11\/reformas-integrales-dsc00635.jpg 1440w, https:\/\/neoformabcn.com\/wp-content\/uploads\/2023\/11\/reformas-integrales-dsc00635-203x270.jpg 203w, https:\/\/neoformabcn.com\/wp-content\/uploads\/2023\/11\/reformas-integrales-dsc00635-768x1024.jpg 768w, https:\/\/neoformabcn.com\/wp-content\/uploads\/2023\/11\/reformas-integrales-dsc00635-1152x1536.jpg 1152w, https:\/\/neoformabcn.com\/wp-content\/uploads\/2023\/11\/reformas-integrales-dsc00635-225x300.jpg 225w\" sizes=\"(max-width: 1440px) 100vw, 1440px\" \/><\/figure><\/a><a class=\"single-gallery-image none\" href=\"https:\/\/neoformabcn.com\/wp-content\/uploads\/2023\/11\/reformas-integrales-dsc00639.jpg\" role=\"button\"><figure><img loading=\"lazy\" decoding=\"async\" width=\"1440\" height=\"1920\" src=\"https:\/\/neoformabcn.com\/wp-content\/uploads\/2023\/11\/reformas-integrales-dsc00639.jpg\" alt=\"Gallery Image\" class=\"wp-image-639\" srcset=\"https:\/\/neoformabcn.com\/wp-content\/uploads\/2023\/11\/reformas-integrales-dsc00639.jpg 1440w, https:\/\/neoformabcn.com\/wp-content\/uploads\/2023\/11\/reformas-integrales-dsc00639-203x270.jpg 203w, https:\/\/neoformabcn.com\/wp-content\/uploads\/2023\/11\/reformas-integrales-dsc00639-768x1024.jpg 768w, https:\/\/neoformabcn.com\/wp-content\/uploads\/2023\/11\/reformas-integrales-dsc00639-1152x1536.jpg 1152w, https:\/\/neoformabcn.com\/wp-content\/uploads\/2023\/11\/reformas-integrales-dsc00639-225x300.jpg 225w\" sizes=\"(max-width: 1440px) 100vw, 1440px\" \/><\/figure><\/a><a class=\"single-gallery-image none\" href=\"https:\/\/neoformabcn.com\/wp-content\/uploads\/2023\/11\/reformas-integrales-dsc00658.jpg\" role=\"button\"><figure><img loading=\"lazy\" decoding=\"async\" width=\"1440\" height=\"1920\" src=\"https:\/\/neoformabcn.com\/wp-content\/uploads\/2023\/11\/reformas-integrales-dsc00658.jpg\" alt=\"Gallery Image\" class=\"wp-image-641\" srcset=\"https:\/\/neoformabcn.com\/wp-content\/uploads\/2023\/11\/reformas-integrales-dsc00658.jpg 1440w, https:\/\/neoformabcn.com\/wp-content\/uploads\/2023\/11\/reformas-integrales-dsc00658-203x270.jpg 203w, https:\/\/neoformabcn.com\/wp-content\/uploads\/2023\/11\/reformas-integrales-dsc00658-768x1024.jpg 768w, https:\/\/neoformabcn.com\/wp-content\/uploads\/2023\/11\/reformas-integrales-dsc00658-1152x1536.jpg 1152w, https:\/\/neoformabcn.com\/wp-content\/uploads\/2023\/11\/reformas-integrales-dsc00658-225x300.jpg 225w\" sizes=\"(max-width: 1440px) 100vw, 1440px\" \/><\/figure><\/a><a class=\"single-gallery-image none\" href=\"https:\/\/neoformabcn.com\/wp-content\/uploads\/2023\/11\/reformas-integrales-dsc00663.jpg\" role=\"button\"><figure><img loading=\"lazy\" decoding=\"async\" width=\"1440\" height=\"1920\" src=\"https:\/\/neoformabcn.com\/wp-content\/uploads\/2023\/11\/reformas-integrales-dsc00663.jpg\" alt=\"Gallery Image\" class=\"wp-image-643\" srcset=\"https:\/\/neoformabcn.com\/wp-content\/uploads\/2023\/11\/reformas-integrales-dsc00663.jpg 1440w, https:\/\/neoformabcn.com\/wp-content\/uploads\/2023\/11\/reformas-integrales-dsc00663-203x270.jpg 203w, https:\/\/neoformabcn.com\/wp-content\/uploads\/2023\/11\/reformas-integrales-dsc00663-768x1024.jpg 768w, https:\/\/neoformabcn.com\/wp-content\/uploads\/2023\/11\/reformas-integrales-dsc00663-1152x1536.jpg 1152w, https:\/\/neoformabcn.com\/wp-content\/uploads\/2023\/11\/reformas-integrales-dsc00663-225x300.jpg 225w\" sizes=\"(max-width: 1440px) 100vw, 1440px\" \/><\/figure><\/a><a class=\"single-gallery-image none\" href=\"https:\/\/neoformabcn.com\/wp-content\/uploads\/2023\/11\/reformas-integrales-dsc00807.jpg\" role=\"button\"><figure><img loading=\"lazy\" decoding=\"async\" width=\"1440\" height=\"1920\" src=\"https:\/\/neoformabcn.com\/wp-content\/uploads\/2023\/11\/reformas-integrales-dsc00807.jpg\" alt=\"Gallery Image\" class=\"wp-image-645\" srcset=\"https:\/\/neoformabcn.com\/wp-content\/uploads\/2023\/11\/reformas-integrales-dsc00807.jpg 1440w, https:\/\/neoformabcn.com\/wp-content\/uploads\/2023\/11\/reformas-integrales-dsc00807-203x270.jpg 203w, https:\/\/neoformabcn.com\/wp-content\/uploads\/2023\/11\/reformas-integrales-dsc00807-768x1024.jpg 768w, https:\/\/neoformabcn.com\/wp-content\/uploads\/2023\/11\/reformas-integrales-dsc00807-1152x1536.jpg 1152w, https:\/\/neoformabcn.com\/wp-content\/uploads\/2023\/11\/reformas-integrales-dsc00807-225x300.jpg 225w\" sizes=\"(max-width: 1440px) 100vw, 1440px\" \/><\/figure><\/a><a class=\"single-gallery-image none\" href=\"https:\/\/neoformabcn.com\/wp-content\/uploads\/2023\/11\/reformas-integrales-dsc00821.jpg\" role=\"button\"><figure><img loading=\"lazy\" decoding=\"async\" width=\"1920\" height=\"1440\" src=\"https:\/\/neoformabcn.com\/wp-content\/uploads\/2023\/11\/reformas-integrales-dsc00821.jpg\" alt=\"Gallery Image\" class=\"wp-image-647\" srcset=\"https:\/\/neoformabcn.com\/wp-content\/uploads\/2023\/11\/reformas-integrales-dsc00821.jpg 1920w, https:\/\/neoformabcn.com\/wp-content\/uploads\/2023\/11\/reformas-integrales-dsc00821-360x270.jpg 360w, https:\/\/neoformabcn.com\/wp-content\/uploads\/2023\/11\/reformas-integrales-dsc00821-768x576.jpg 768w, https:\/\/neoformabcn.com\/wp-content\/uploads\/2023\/11\/reformas-integrales-dsc00821-1600x1200.jpg 1600w, https:\/\/neoformabcn.com\/wp-content\/uploads\/2023\/11\/reformas-integrales-dsc00821-1536x1152.jpg 1536w, https:\/\/neoformabcn.com\/wp-content\/uploads\/2023\/11\/reformas-integrales-dsc00821-300x225.jpg 300w\" sizes=\"(max-width: 1920px) 100vw, 1920px\" \/><\/figure><\/a><a class=\"single-gallery-image none\" href=\"https:\/\/neoformabcn.com\/wp-content\/uploads\/2023\/11\/reformas-integrales-dsc00832.jpg\" role=\"button\"><figure><img loading=\"lazy\" decoding=\"async\" width=\"1440\" height=\"1920\" src=\"https:\/\/neoformabcn.com\/wp-content\/uploads\/2023\/11\/reformas-integrales-dsc00832.jpg\" alt=\"Gallery Image\" class=\"wp-image-649\" srcset=\"https:\/\/neoformabcn.com\/wp-content\/uploads\/2023\/11\/reformas-integrales-dsc00832.jpg 1440w, https:\/\/neoformabcn.com\/wp-content\/uploads\/2023\/11\/reformas-integrales-dsc00832-203x270.jpg 203w, https:\/\/neoformabcn.com\/wp-content\/uploads\/2023\/11\/reformas-integrales-dsc00832-768x1024.jpg 768w, https:\/\/neoformabcn.com\/wp-content\/uploads\/2023\/11\/reformas-integrales-dsc00832-1152x1536.jpg 1152w, https:\/\/neoformabcn.com\/wp-content\/uploads\/2023\/11\/reformas-integrales-dsc00832-225x300.jpg 225w\" sizes=\"(max-width: 1440px) 100vw, 1440px\" \/><\/figure><\/a><a class=\"single-gallery-image none\" href=\"https:\/\/neoformabcn.com\/wp-content\/uploads\/2023\/11\/reformas-integrales-dsc00869.jpg\" role=\"button\"><figure><img loading=\"lazy\" decoding=\"async\" width=\"1440\" height=\"1920\" src=\"https:\/\/neoformabcn.com\/wp-content\/uploads\/2023\/11\/reformas-integrales-dsc00869.jpg\" alt=\"Gallery Image\" class=\"wp-image-651\" srcset=\"https:\/\/neoformabcn.com\/wp-content\/uploads\/2023\/11\/reformas-integrales-dsc00869.jpg 1440w, https:\/\/neoformabcn.com\/wp-content\/uploads\/2023\/11\/reformas-integrales-dsc00869-203x270.jpg 203w, https:\/\/neoformabcn.com\/wp-content\/uploads\/2023\/11\/reformas-integrales-dsc00869-768x1024.jpg 768w, https:\/\/neoformabcn.com\/wp-content\/uploads\/2023\/11\/reformas-integrales-dsc00869-1152x1536.jpg 1152w, https:\/\/neoformabcn.com\/wp-content\/uploads\/2023\/11\/reformas-integrales-dsc00869-225x300.jpg 225w\" sizes=\"(max-width: 1440px) 100vw, 1440px\" \/><\/figure><\/a><a class=\"single-gallery-image none\" href=\"https:\/\/neoformabcn.com\/wp-content\/uploads\/2023\/11\/reformas-integrales-dsc00878.jpg\" role=\"button\"><figure><img loading=\"lazy\" decoding=\"async\" width=\"1440\" height=\"1920\" src=\"https:\/\/neoformabcn.com\/wp-content\/uploads\/2023\/11\/reformas-integrales-dsc00878.jpg\" alt=\"Gallery Image\" class=\"wp-image-653\" srcset=\"https:\/\/neoformabcn.com\/wp-content\/uploads\/2023\/11\/reformas-integrales-dsc00878.jpg 1440w, https:\/\/neoformabcn.com\/wp-content\/uploads\/2023\/11\/reformas-integrales-dsc00878-203x270.jpg 203w, https:\/\/neoformabcn.com\/wp-content\/uploads\/2023\/11\/reformas-integrales-dsc00878-768x1024.jpg 768w, https:\/\/neoformabcn.com\/wp-content\/uploads\/2023\/11\/reformas-integrales-dsc00878-1152x1536.jpg 1152w, https:\/\/neoformabcn.com\/wp-content\/uploads\/2023\/11\/reformas-integrales-dsc00878-225x300.jpg 225w\" sizes=\"(max-width: 1440px) 100vw, 1440px\" \/><\/figure><\/a><a class=\"single-gallery-image none\" href=\"https:\/\/neoformabcn.com\/wp-content\/uploads\/2023\/11\/reformas-integrales-dsc00887.jpg\" role=\"button\"><figure><img loading=\"lazy\" decoding=\"async\" width=\"1920\" height=\"1440\" src=\"https:\/\/neoformabcn.com\/wp-content\/uploads\/2023\/11\/reformas-integrales-dsc00887.jpg\" alt=\"Gallery Image\" class=\"wp-image-655\" srcset=\"https:\/\/neoformabcn.com\/wp-content\/uploads\/2023\/11\/reformas-integrales-dsc00887.jpg 1920w, https:\/\/neoformabcn.com\/wp-content\/uploads\/2023\/11\/reformas-integrales-dsc00887-360x270.jpg 360w, https:\/\/neoformabcn.com\/wp-content\/uploads\/2023\/11\/reformas-integrales-dsc00887-768x576.jpg 768w, https:\/\/neoformabcn.com\/wp-content\/uploads\/2023\/11\/reformas-integrales-dsc00887-1600x1200.jpg 1600w, https:\/\/neoformabcn.com\/wp-content\/uploads\/2023\/11\/reformas-integrales-dsc00887-1536x1152.jpg 1536w, https:\/\/neoformabcn.com\/wp-content\/uploads\/2023\/11\/reformas-integrales-dsc00887-300x225.jpg 300w\" sizes=\"(max-width: 1920px) 100vw, 1920px\" \/><\/figure><\/a><a class=\"single-gallery-image none\" href=\"https:\/\/neoformabcn.com\/wp-content\/uploads\/2023\/11\/reformas-integrales-dsc02097.jpg\" role=\"button\"><figure><img loading=\"lazy\" decoding=\"async\" width=\"1920\" height=\"1309\" src=\"https:\/\/neoformabcn.com\/wp-content\/uploads\/2023\/11\/reformas-integrales-dsc02097.jpg\" alt=\"Gallery Image\" class=\"wp-image-657\" srcset=\"https:\/\/neoformabcn.com\/wp-content\/uploads\/2023\/11\/reformas-integrales-dsc02097.jpg 1920w, https:\/\/neoformabcn.com\/wp-content\/uploads\/2023\/11\/reformas-integrales-dsc02097-396x270.jpg 396w, https:\/\/neoformabcn.com\/wp-content\/uploads\/2023\/11\/reformas-integrales-dsc02097-768x524.jpg 768w, https:\/\/neoformabcn.com\/wp-content\/uploads\/2023\/11\/reformas-integrales-dsc02097-1600x1091.jpg 1600w, https:\/\/neoformabcn.com\/wp-content\/uploads\/2023\/11\/reformas-integrales-dsc02097-1536x1047.jpg 1536w, https:\/\/neoformabcn.com\/wp-content\/uploads\/2023\/11\/reformas-integrales-dsc02097-300x205.jpg 300w\" sizes=\"(max-width: 1920px) 100vw, 1920px\" \/><\/figure><\/a><\/div>\n<\/div>\n<\/section>\n\n\n","protected":false},"excerpt":{"rendered":"<p>Cocinas, ba\u00f1os, paredes, pavimentos y falsos techos de todo tipo, cornisas-elementos decorativos, puertas de interior\/exterior, ventanas, todo tipo de instalaciones ( agua, luz \u2026) encimeras, sanitarios, electrodom\u00e9sticos, mobiliario en general de cocina y ba\u00f1os a medida o est\u00e1ndar.<\/p>\n","protected":false},"author":1,"featured_media":0,"parent":224,"menu_order":8,"comment_status":"closed","ping_status":"closed","template":"","meta":{"_seopress_robots_primary_cat":"","_seopress_titles_title":"","_seopress_titles_desc":"","_seopress_robots_index":"","inline_featured_image":false,"footnotes":""},"_links":{"self":[{"href":"https:\/\/neoformabcn.com\/es\/wp-json\/wp\/v2\/pages\/223"}],"collection":[{"href":"https:\/\/neoformabcn.com\/es\/wp-json\/wp\/v2\/pages"}],"about":[{"href":"https:\/\/neoformabcn.com\/es\/wp-json\/wp\/v2\/types\/page"}],"author":[{"embeddable":true,"href":"https:\/\/neoformabcn.com\/es\/wp-json\/wp\/v2\/users\/1"}],"replies":[{"embeddable":true,"href":"https:\/\/neoformabcn.com\/es\/wp-json\/wp\/v2\/comments?post=223"}],"version-history":[{"count":0,"href":"https:\/\/neoformabcn.com\/es\/wp-json\/wp\/v2\/pages\/223\/revisions"}],"up":[{"embeddable":true,"href":"https:\/\/neoformabcn.com\/es\/wp-json\/wp\/v2\/pages\/224"}],"wp:attachment":[{"href":"https:\/\/neoformabcn.com\/es\/wp-json\/wp\/v2\/media?parent=223"}],"curies":[{"name":"wp","href":"https:\/\/api.w.org\/{rel}","templated":true}]}}