{"id":224,"date":"2023-10-23T16:17:36","date_gmt":"2023-10-23T14:17:36","guid":{"rendered":"https:\/\/neoformabcn.com\/serveis\/"},"modified":"2025-05-22T11:45:59","modified_gmt":"2025-05-22T09:45:59","slug":"servicios","status":"publish","type":"page","link":"https:\/\/neoformabcn.com\/es\/servicios\/","title":{"rendered":"Servicios"},"content":{"rendered":"\n<div class=\"wp-block-group alignfull header-slider__wrapper is-layout-constrained wp-block-group-is-layout-constrained\"><div id=\"gutenslider-99mddfqdr\" class=\"wp-block-eedee-block-gutenslider gs-frontend content-change alignfull arrow-style-1 arrow-position-sides arrow-mb-none arrows-lg arrows-md arrows-sm dot-style-1 dots-lg dots-md dots-sm dot-position-bottom is-position-center-center mb-none wrap-auto-height\" data-parallax-direction=\"down\" data-parallax-amount=\"1.3\" data-lg-transition=\"lg-slide\" data-hash=\"\" ><div class=\"eedee-swiper-outer\" style=\"--gutenslider-min-height: 50vh;--gutenslider-arrow-size: 30px;--gutenslider-dot-size: 25px;--gutenslider-arrow-color: #ffffff;--gutenslider-dot-color: #ffffff;--gutenslider-padding-y-mobile: 40px;--gutenslider-padding-x-mobile: 40px;--gutenslider-padding-y-tablet: 40px;--gutenslider-padding-x-tablet: 40px;--gutenslider-padding-y-desktop: 40px;--gutenslider-padding-x-desktop: 40px;--gutenslider-bg-image: url();--gutenslider-min-height-md: 50vh;--gutenslider-min-height-sm: 50vh;--gutenslider-padding-x: 40px;--gutenslider-padding-x-md: 40px;--gutenslider-padding-x-sm: 20px;--gutenslider-padding-y: 40px;--gutenslider-padding-y-md: 40px;--gutenslider-padding-y-sm: 20px;--gutenslider-arrow-size-md: 30px;--gutenslider-arrow-size-sm: 30px;--gutenslider-dot-size-md: 25px;--gutenslider-dot-size-sm: 25px;--gutenslider-arrow-bg-color: transparent;--gutenslider-arrow-hover-color: #eeeeee;--gutenslider-arrow-bg-hover-color: transparent;--gutenslider-arrow-x-offset: 10px;--gutenslider-arrow-x-offset-md: 10px;--gutenslider-arrow-x-offset-sm: 10px;--gutenslider-arrow-y-offset: 0px;--gutenslider-arrow-y-offset-md: 0px;--gutenslider-arrow-y-offset-sm: 0px;--gutenslider-arrow-x-spacing: 0px;--gutenslider-dot-y-offset: 10px;--gutenslider-dot-y-offset-md: 10px;--gutenslider-dot-y-offset-sm: 10px;--gutenslider-margin-x: 0px;--gutenslider-margin-x-md: 0px;--gutenslider-margin-x-sm: 0px;--gutenslider-margin-y: 0px;--gutenslider-margin-y-md: 0px;--gutenslider-margin-y-sm: 0px;--gutenslider-divider-top: 60px;--gutenslider-divider-bottom: 60px;--gutenslider-lightgallery-bg: #ffffff;--gutenslider-lightgallery-font: #000000;--gs-first-pos: 50% 50%;--gs-gap-vertical: var( --wp--style--gallery-gap-default, var( --gallery-block--gutter-size, var( --wp--style--block-gap, 0.5em ) ) );--gs-gap-horizontal: var( --wp--style--gallery-gap-default, var( --gallery-block--gutter-size, var( --wp--style--block-gap, 0.5em ) ) );\"><div class=\"gutenslider-divider-top\" style=\"color:#fff;\"><\/div><div class=\"swiper\" data-settings='{\"autoplay\":{\"delay\":3000,\"pauseOnMouseEnter\":true,\"disableOnInteraction\":false},\"speed\":700,\"direction\":\"horizontal\",\"autoHeight\":\"\",\"loop\":true,\"centeredSlides\":true,\"spaceBetween\":0,\"slidesPerView\":1,\"slidesPerGroup\":1,\"effect\":\"slide\",\"coverflowEffect\":{\"rotate\":30,\"slideShadows\":false,\"depth\":100,\"stretch\":50,\"modifier\":1},\"fadeEffect\":{\"crossFade\":true},\"zoom\":\"\",\"navigation\":{\"nextEl\":\"#gutenslider-99mddfqdr .eedee-gutenslider-next\",\"prevEl\":\"#gutenslider-99mddfqdr .eedee-gutenslider-prev\"},\"pagination\":{\"type\":\"bullets\",\"clickable\":true,\"dynamicBullets\":false,\"el\":\"#gutenslider-99mddfqdr .eedee-gutenslider-pagination\"},\"pauseOnHover\":\"1\",\"watchSlidesProgress\":true,\"watchSlidesVisibility\":true,\"settingsMd\":{\"autoHeight\":\"\",\"slidesPerView\":1,\"slidesPerGroup\":1,\"spaceBetween\":0,\"loop\":true},\"settingsLg\":{\"autoHeight\":\"\",\"slidesPerView\":1,\"slidesPerGroup\":1,\"spaceBetween\":0,\"loop\":true},\"hasLg\":false,\"hasLgCounter\":true,\"isFullScreen\":false,\"arrowsFollowMouse\":false,\"lgTitle\":\"none\",\"lgCaption\":\"none\",\"lgThumbnails\":true,\"lgZoomEnabled\":false,\"keyboard\":{\"keyboard\":{\"enabled\":true,\"onlyInViewport\":true}},\"hashNavigation\":false,\"dividers\":false}'><div class=\"swiper-wrapper\">\n<div class=\"swiper-slide wp-block-eedee-block-gutenslide is-position-center-center ed-bg-image\" style=\"--ed-vw:400;--ed-vh:266;\" data-hash=\"\"><div class=\"eedee-background-div bg-image\"><img loading=\"lazy\" width=\"800\" height=\"540\" class=\"wp-image-199\" src=\"https:\/\/neoformabcn.com\/wp-content\/uploads\/2023\/10\/manteminiento-800x540.jpg\" alt=\"\" decoding=\"async\" style=\"object-fit: cover; object-position: 50% 50%;\"  data-title=\"manteminiento\" \/><div class=\"eedee-background-div__overlay\" style=\"opacity:1;\"><\/div><\/div><div class=\"slide-content\">\n\n<p class=\"has-text-align-center gutenslider-content-initial has-larger-font-size\"><\/p>\n\n<\/div><\/div>\n\n<div class=\"swiper-slide wp-block-eedee-block-gutenslide is-position-center-center ed-bg-image\" style=\"--ed-vw:400;--ed-vh:193;\" data-hash=\"\"><div class=\"eedee-background-div bg-image\"><img loading=\"lazy\" width=\"800\" height=\"540\" class=\"wp-image-191\" src=\"https:\/\/neoformabcn.com\/wp-content\/uploads\/2023\/10\/carpinteria-800x540.jpg\" alt=\"\" decoding=\"async\" style=\"object-fit: cover; object-position: 50% 50%;\"  data-title=\"carpinteria\" \/><div class=\"eedee-background-div__overlay\" style=\"opacity:1;\"><\/div><\/div><div class=\"slide-content\">\n\n<p class=\"has-text-align-center gutenslider-content-initial has-larger-font-size\"><\/p>\n\n<\/div><\/div>\n\n<div class=\"swiper-slide wp-block-eedee-block-gutenslide is-position-center-center ed-bg-image\" style=\"--ed-vw:400;--ed-vh:128;\" data-hash=\"\"><div class=\"eedee-background-div bg-image\"><img loading=\"lazy\" width=\"800\" height=\"540\" class=\"wp-image-189\" src=\"https:\/\/neoformabcn.com\/wp-content\/uploads\/2023\/10\/cabecera-cocinas-800x540.jpg\" alt=\"\" decoding=\"async\" style=\"object-fit: cover; object-position: 50% 50%;\"  data-title=\"cabecera_cocinas\" \/><div class=\"eedee-background-div__overlay\" style=\"opacity:1;\"><\/div><\/div><div class=\"slide-content\">\n\n<p class=\"has-text-align-center gutenslider-content-initial has-larger-font-size\"><\/p>\n\n<\/div><\/div>\n\n<div class=\"swiper-slide wp-block-eedee-block-gutenslide is-position-center-center ed-bg-image\" style=\"--ed-vw:400;--ed-vh:270;\" data-hash=\"\"><div class=\"eedee-background-div bg-image\"><img loading=\"lazy\" width=\"800\" height=\"540\" class=\"wp-image-21\" src=\"https:\/\/neoformabcn.com\/wp-content\/uploads\/2023\/10\/miniatura-reforma-integrales.jpg\" alt=\"\" decoding=\"async\" style=\"object-fit: cover; object-position: 50% 50%;\"  data-title=\"miniatura_reforma_integrales\" srcset=\"https:\/\/neoformabcn.com\/wp-content\/uploads\/2023\/10\/miniatura-reforma-integrales.jpg 800w, https:\/\/neoformabcn.com\/wp-content\/uploads\/2023\/10\/miniatura-reforma-integrales-400x270.jpg 400w, https:\/\/neoformabcn.com\/wp-content\/uploads\/2023\/10\/miniatura-reforma-integrales-768x518.jpg 768w, https:\/\/neoformabcn.com\/wp-content\/uploads\/2023\/10\/miniatura-reforma-integrales-300x203.jpg 300w\" sizes=\"(max-width: 800px) 100vw, 800px\" \/><div class=\"eedee-background-div__overlay\" style=\"opacity:1;\"><\/div><\/div><div class=\"slide-content\">\n\n<p class=\"has-text-align-center gutenslider-content-initial has-larger-font-size\"><\/p>\n\n<\/div><\/div>\n\n<div class=\"swiper-slide wp-block-eedee-block-gutenslide is-position-center-center ed-bg-image\" style=\"--ed-vw:400;--ed-vh:128;\" data-hash=\"\"><div class=\"eedee-background-div bg-image\"><img loading=\"lazy\" width=\"800\" height=\"540\" class=\"wp-image-19\" src=\"https:\/\/neoformabcn.com\/wp-content\/uploads\/2023\/10\/cabecera-sample-1-800x540.jpg\" alt=\"\" decoding=\"async\" style=\"object-fit: cover; object-position: 50% 50%;\"  data-title=\"cabecera_sample_1\" \/><div class=\"eedee-background-div__overlay\" style=\"opacity:1;\"><\/div><\/div><div class=\"slide-content\">\n\n<p class=\"has-text-align-center gutenslider-content-initial has-larger-font-size\"><\/p>\n\n<\/div><\/div>\n<\/div><\/div><button class=\"eedee-gutenslider-nav eedee-gutenslider-prev\"><svg xmlns=\"http:\/\/www.w3.org\/2000\/svg\" viewBox=\"0 0 24 24\" width=\"24\" height=\"24\"><circle class=\"bg\" cx=\"13\" cy=\"12\" r=\"11\" \/><path fill=\"none\" d=\"M0 0h24v24H0z\"\/><path class=\"arrow\" d=\"M10.828 12l4.95 4.95-1.414 1.414L8 12l6.364-6.364 1.414 1.414z\"\/><\/svg><\/button><button class=\"eedee-gutenslider-nav eedee-gutenslider-next\"><svg xmlns=\"http:\/\/www.w3.org\/2000\/svg\" viewBox=\"0 0 24 24\" width=\"24\" height=\"24\"><circle class=\"bg\" cx=\"11\" cy=\"12\" r=\"11\" \/><path fill=\"none\" d=\"M0 0h24v24H0z\"\/><path class=\"arrow\" d=\"M13.172 12l-4.95-4.95 1.414-1.414L16 12l-6.364 6.364-1.414-1.414z\"\/><\/svg><\/button><div class=\"eedee-gutenslider-pagination\"><\/div><div class=\"gutenslider-divider-bottom \" style=\"color:#fff;\"><\/div><\/div><\/div><\/div>\n\n\n\n<section class=\"wp-block-group alignfull is-style-section servicios has-white-background-color has-background is-layout-constrained wp-block-group-is-layout-constrained\">\n<div class=\"wp-block-group alignwide servicios__inner is-layout-flow wp-block-group-is-layout-flow\"><h2 class=\"has-text-align-center wp-block-post-title\">Servicios<\/h2>\n\n\n<div class=\"wp-block-group servicios__collection is-layout-flex wp-block-group-is-layout-flex\"><a style=\"--color-text:;--color-bkg:;--color-bkg-hover:;\"  href=\"https:\/\/neoformabcn.com\/es\/servicios\/reformas-integrales\/\" class=\"servicios__item wp-block-tiptip-hyperlink-group-block\"  >\n<figure class=\"wp-block-image size-medium servicios__item-image\"><img loading=\"lazy\" decoding=\"async\" width=\"400\" height=\"270\" src=\"https:\/\/neoformabcn.com\/wp-content\/uploads\/2023\/10\/miniatura-reforma-integrales-400x270.jpg\" alt=\"\" class=\"wp-image-21\" style=\"aspect-ratio:1.3333333333333333;object-fit:cover\" srcset=\"https:\/\/neoformabcn.com\/wp-content\/uploads\/2023\/10\/miniatura-reforma-integrales-400x270.jpg 400w, https:\/\/neoformabcn.com\/wp-content\/uploads\/2023\/10\/miniatura-reforma-integrales-768x518.jpg 768w, https:\/\/neoformabcn.com\/wp-content\/uploads\/2023\/10\/miniatura-reforma-integrales-300x203.jpg 300w, https:\/\/neoformabcn.com\/wp-content\/uploads\/2023\/10\/miniatura-reforma-integrales.jpg 800w\" sizes=\"(max-width: 400px) 100vw, 400px\" \/><\/figure>\n\n<p class=\"has-text-align-center servicios__item-title has-medium-font-size\"><strong>Reformas integrales<\/strong><\/p>\n<\/a>\n\n<a style=\"--color-text:;--color-bkg:;--color-bkg-hover:;\"  href=\"https:\/\/neoformabcn.com\/es\/servicios\/reformas-banos\/\" class=\"servicios__item wp-block-tiptip-hyperlink-group-block\"  >\n<figure class=\"wp-block-image size-large servicios__item-image\"><img loading=\"lazy\" decoding=\"async\" width=\"800\" height=\"540\" src=\"https:\/\/neoformabcn.com\/wp-content\/uploads\/2023\/10\/reformas-01-dsc02314-1-800x540.jpg\" alt=\"\" class=\"wp-image-41\" style=\"aspect-ratio:1.3333333333333333;object-fit:cover\"\/><\/figure>\n\n<p class=\"has-text-align-center servicios__item-title has-medium-font-size\"><strong>Reforma ba\u00f1os<\/strong><\/p>\n<\/a>\n\n<a style=\"--color-text:;--color-bkg:;--color-bkg-hover:;\"  href=\"https:\/\/neoformabcn.com\/es\/servicios\/reformas-cocinas\/\" class=\"servicios__item wp-block-tiptip-hyperlink-group-block\"  >\n<figure class=\"wp-block-image size-large servicios__item-image\"><img loading=\"lazy\" decoding=\"async\" width=\"800\" height=\"540\" src=\"https:\/\/neoformabcn.com\/wp-content\/uploads\/2023\/10\/revestiments-22-20161216-131754-1573040989-800x540.jpg\" alt=\"\" class=\"wp-image-116\" style=\"aspect-ratio:1.3333333333333333;object-fit:cover\"\/><\/figure>\n\n<p class=\"has-text-align-center servicios__item-title has-medium-font-size\"><strong>Reformas cocinas<\/strong><\/p>\n<\/a>\n\n<a style=\"--color-text:;--color-bkg:;--color-bkg-hover:;\"  href=\"https:\/\/neoformabcn.com\/es\/servicios\/carpinteria\/\" class=\"servicios__item wp-block-tiptip-hyperlink-group-block\"  >\n<figure class=\"wp-block-image size-large servicios__item-image\"><img loading=\"lazy\" decoding=\"async\" width=\"800\" height=\"540\" src=\"https:\/\/neoformabcn.com\/wp-content\/uploads\/2023\/10\/miniatura-fusteria-800x540.jpg\" alt=\"\" class=\"wp-image-150\" style=\"aspect-ratio:1.3333333333333333;object-fit:cover\"\/><\/figure>\n\n<p class=\"has-text-align-center servicios__item-title has-medium-font-size\"><strong>Carpinteria<\/strong><\/p>\n<\/a>\n\n<a style=\"--color-text:;--color-bkg:;--color-bkg-hover:;\"  href=\"https:\/\/neoformabcn.com\/es\/servicios\/paviments-i-revestiments\/\" class=\"servicios__item wp-block-tiptip-hyperlink-group-block\"  >\n<figure class=\"wp-block-image size-large servicios__item-image\"><img loading=\"lazy\" decoding=\"async\" width=\"800\" height=\"540\" src=\"https:\/\/neoformabcn.com\/wp-content\/uploads\/2023\/10\/miniatura-paviments-800x540.jpg\" alt=\"\" class=\"wp-image-148\" style=\"aspect-ratio:1.3333333333333333;object-fit:cover\"\/><\/figure>\n\n<p class=\"has-text-align-center servicios__item-title has-medium-font-size\"><strong>Pavimentos y revestimientos<\/strong><\/p>\n<\/a>\n\n<a style=\"--color-text:;--color-bkg:;--color-bkg-hover:;\"  href=\"https:\/\/neoformabcn.com\/es\/servicios\/reparaciones\/\" class=\"servicios__item wp-block-tiptip-hyperlink-group-block\"  >\n<figure class=\"wp-block-image size-large servicios__item-image\"><img loading=\"lazy\" decoding=\"async\" width=\"800\" height=\"540\" src=\"https:\/\/neoformabcn.com\/wp-content\/uploads\/2023\/10\/miniatura-manteniments-800x540.jpg\" alt=\"\" class=\"wp-image-146\" style=\"aspect-ratio:1.3333333333333333;object-fit:cover\"\/><\/figure>\n\n<p class=\"has-text-align-center servicios__item-title has-medium-font-size\"><strong>Reparaciones<\/strong><\/p>\n<\/a><\/div>\n<\/div>\n<\/section>\n\n\n\n<div class=\"wp-block-group alignfull is-style-section is-layout-constrained wp-block-group-is-layout-constrained\">\n<div class=\"wp-block-group is-layout-constrained wp-block-group-is-layout-constrained\">\n<h3 class=\"wp-block-heading has-text-align-center is-style-section\">Materiales<\/h3>\n\n\n\n<p class=\"has-text-align-center has-medium-font-size\"><br>Todo lo que necesites por tu hogar.<\/p>\n\n\n\n<p class=\"has-text-align-center has-medium-font-size\">Electrodom\u00e9sticos, sanitarios, grifos, cer\u00e1mica, gres de todo tipo, piedras, m\u00e1rmol, granito, silestone, iluminaci\u00f3n, parqu\u00e9, &#8230; de todas las marcas y calidades del mercado actual.<\/p>\n\n\n\n<div style=\"height:0.5vh\" aria-hidden=\"true\" class=\"wp-block-spacer\"><\/div>\n<\/div>\n\n\n\n<div class=\"wp-block-group is-layout-flow wp-block-group-is-layout-flow\">\n<figure class=\"wp-block-gallery has-nested-images columns-4 galeria-logo wp-block-gallery-1 is-layout-flex wp-block-gallery-is-layout-flex\">\n<figure class=\"wp-block-image size-logo\"><img loading=\"lazy\" decoding=\"async\" width=\"300\" height=\"69\" src=\"https:\/\/neoformabcn.com\/wp-content\/uploads\/2023\/10\/tarkett-300x69.png\" alt=\"\" class=\"wp-image-154\" srcset=\"https:\/\/neoformabcn.com\/wp-content\/uploads\/2023\/10\/tarkett-300x69.png 300w, https:\/\/neoformabcn.com\/wp-content\/uploads\/2023\/10\/tarkett-400x92.png 400w, https:\/\/neoformabcn.com\/wp-content\/uploads\/2023\/10\/tarkett-768x177.png 768w, https:\/\/neoformabcn.com\/wp-content\/uploads\/2023\/10\/tarkett.png 800w\" sizes=\"(max-width: 300px) 100vw, 300px\" \/><\/figure>\n\n\n\n<figure class=\"wp-block-image size-logo\"><img loading=\"lazy\" decoding=\"async\" width=\"300\" height=\"50\" src=\"https:\/\/neoformabcn.com\/wp-content\/uploads\/2023\/10\/ariston-logo-300x50.png\" alt=\"\" class=\"wp-image-158\" srcset=\"https:\/\/neoformabcn.com\/wp-content\/uploads\/2023\/10\/ariston-logo-300x50.png 300w, https:\/\/neoformabcn.com\/wp-content\/uploads\/2023\/10\/ariston-logo-400x66.png 400w, https:\/\/neoformabcn.com\/wp-content\/uploads\/2023\/10\/ariston-logo-768x127.png 768w, https:\/\/neoformabcn.com\/wp-content\/uploads\/2023\/10\/ariston-logo.png 800w\" sizes=\"(max-width: 300px) 100vw, 300px\" \/><\/figure>\n\n\n\n<figure class=\"wp-block-image size-logo\"><img loading=\"lazy\" decoding=\"async\" width=\"300\" height=\"100\" src=\"https:\/\/neoformabcn.com\/wp-content\/uploads\/2023\/10\/balay-300x100.png\" alt=\"\" class=\"wp-image-159\" srcset=\"https:\/\/neoformabcn.com\/wp-content\/uploads\/2023\/10\/balay-300x100.png 300w, https:\/\/neoformabcn.com\/wp-content\/uploads\/2023\/10\/balay-400x133.png 400w, https:\/\/neoformabcn.com\/wp-content\/uploads\/2023\/10\/balay-768x255.png 768w, https:\/\/neoformabcn.com\/wp-content\/uploads\/2023\/10\/balay.png 800w\" sizes=\"(max-width: 300px) 100vw, 300px\" \/><\/figure>\n\n\n\n<figure class=\"wp-block-image size-logo\"><img loading=\"lazy\" decoding=\"async\" width=\"300\" height=\"68\" src=\"https:\/\/neoformabcn.com\/wp-content\/uploads\/2023\/10\/bosch-logo-300x68.png\" alt=\"\" class=\"wp-image-156\" srcset=\"https:\/\/neoformabcn.com\/wp-content\/uploads\/2023\/10\/bosch-logo-300x68.png 300w, https:\/\/neoformabcn.com\/wp-content\/uploads\/2023\/10\/bosch-logo-400x90.png 400w, https:\/\/neoformabcn.com\/wp-content\/uploads\/2023\/10\/bosch-logo-768x173.png 768w, https:\/\/neoformabcn.com\/wp-content\/uploads\/2023\/10\/bosch-logo.png 800w\" sizes=\"(max-width: 300px) 100vw, 300px\" \/><\/figure>\n\n\n\n<figure class=\"wp-block-image size-logo\"><img loading=\"lazy\" decoding=\"async\" width=\"300\" height=\"78\" src=\"https:\/\/neoformabcn.com\/wp-content\/uploads\/2023\/10\/duravit-ag-logo-vector-copia-300x78.png\" alt=\"\" class=\"wp-image-165\" srcset=\"https:\/\/neoformabcn.com\/wp-content\/uploads\/2023\/10\/duravit-ag-logo-vector-copia-300x78.png 300w, https:\/\/neoformabcn.com\/wp-content\/uploads\/2023\/10\/duravit-ag-logo-vector-copia-400x105.png 400w, https:\/\/neoformabcn.com\/wp-content\/uploads\/2023\/10\/duravit-ag-logo-vector-copia-768x201.png 768w, https:\/\/neoformabcn.com\/wp-content\/uploads\/2023\/10\/duravit-ag-logo-vector-copia.png 872w\" sizes=\"(max-width: 300px) 100vw, 300px\" \/><\/figure>\n\n\n\n<figure class=\"wp-block-image size-logo\"><img loading=\"lazy\" decoding=\"async\" width=\"300\" height=\"82\" src=\"https:\/\/neoformabcn.com\/wp-content\/uploads\/2023\/10\/fiora-instalvilana-300x82.png\" alt=\"\" class=\"wp-image-162\" srcset=\"https:\/\/neoformabcn.com\/wp-content\/uploads\/2023\/10\/fiora-instalvilana-300x82.png 300w, https:\/\/neoformabcn.com\/wp-content\/uploads\/2023\/10\/fiora-instalvilana.png 368w\" sizes=\"(max-width: 300px) 100vw, 300px\" \/><\/figure>\n\n\n\n<figure class=\"wp-block-image size-logo\"><img loading=\"lazy\" decoding=\"async\" width=\"300\" height=\"95\" src=\"https:\/\/neoformabcn.com\/wp-content\/uploads\/2023\/10\/franke-300x95.png\" alt=\"\" class=\"wp-image-164\" srcset=\"https:\/\/neoformabcn.com\/wp-content\/uploads\/2023\/10\/franke-300x95.png 300w, https:\/\/neoformabcn.com\/wp-content\/uploads\/2023\/10\/franke-400x126.png 400w, https:\/\/neoformabcn.com\/wp-content\/uploads\/2023\/10\/franke-768x242.png 768w, https:\/\/neoformabcn.com\/wp-content\/uploads\/2023\/10\/franke.png 800w\" sizes=\"(max-width: 300px) 100vw, 300px\" \/><\/figure>\n\n\n\n<figure class=\"wp-block-image size-logo\"><img loading=\"lazy\" decoding=\"async\" width=\"300\" height=\"128\" src=\"https:\/\/neoformabcn.com\/wp-content\/uploads\/2023\/10\/grohe-logo-300x128.png\" alt=\"\" class=\"wp-image-168\" srcset=\"https:\/\/neoformabcn.com\/wp-content\/uploads\/2023\/10\/grohe-logo-300x128.png 300w, https:\/\/neoformabcn.com\/wp-content\/uploads\/2023\/10\/grohe-logo-400x170.png 400w, https:\/\/neoformabcn.com\/wp-content\/uploads\/2023\/10\/grohe-logo-768x326.png 768w, https:\/\/neoformabcn.com\/wp-content\/uploads\/2023\/10\/grohe-logo-1536x653.png 1536w, https:\/\/neoformabcn.com\/wp-content\/uploads\/2023\/10\/grohe-logo.png 1574w\" sizes=\"(max-width: 300px) 100vw, 300px\" \/><\/figure>\n\n\n\n<figure class=\"wp-block-image size-logo\"><img loading=\"lazy\" decoding=\"async\" width=\"300\" height=\"66\" src=\"https:\/\/neoformabcn.com\/wp-content\/uploads\/2023\/10\/lgog-hansgrohe-emblem-300x66.png\" alt=\"\" class=\"wp-image-174\" srcset=\"https:\/\/neoformabcn.com\/wp-content\/uploads\/2023\/10\/lgog-hansgrohe-emblem-300x66.png 300w, https:\/\/neoformabcn.com\/wp-content\/uploads\/2023\/10\/lgog-hansgrohe-emblem-400x89.png 400w, https:\/\/neoformabcn.com\/wp-content\/uploads\/2023\/10\/lgog-hansgrohe-emblem-768x170.png 768w, https:\/\/neoformabcn.com\/wp-content\/uploads\/2023\/10\/lgog-hansgrohe-emblem-1600x354.png 1600w, https:\/\/neoformabcn.com\/wp-content\/uploads\/2023\/10\/lgog-hansgrohe-emblem-1536x340.png 1536w, https:\/\/neoformabcn.com\/wp-content\/uploads\/2023\/10\/lgog-hansgrohe-emblem.png 1920w\" sizes=\"(max-width: 300px) 100vw, 300px\" \/><\/figure>\n\n\n\n<figure class=\"wp-block-image size-logo\"><img loading=\"lazy\" decoding=\"async\" width=\"300\" height=\"118\" src=\"https:\/\/neoformabcn.com\/wp-content\/uploads\/2023\/10\/logo-pando-300x118.png\" alt=\"\" class=\"wp-image-170\" srcset=\"https:\/\/neoformabcn.com\/wp-content\/uploads\/2023\/10\/logo-pando-300x118.png 300w, https:\/\/neoformabcn.com\/wp-content\/uploads\/2023\/10\/logo-pando-400x157.png 400w, https:\/\/neoformabcn.com\/wp-content\/uploads\/2023\/10\/logo-pando.png 435w\" sizes=\"(max-width: 300px) 100vw, 300px\" \/><\/figure>\n\n\n\n<figure class=\"wp-block-image size-logo\"><img loading=\"lazy\" decoding=\"async\" width=\"300\" height=\"65\" src=\"https:\/\/neoformabcn.com\/wp-content\/uploads\/2023\/10\/logo-saloni-300x65.png\" alt=\"\" class=\"wp-image-172\" srcset=\"https:\/\/neoformabcn.com\/wp-content\/uploads\/2023\/10\/logo-saloni-300x65.png 300w, https:\/\/neoformabcn.com\/wp-content\/uploads\/2023\/10\/logo-saloni-400x86.png 400w, https:\/\/neoformabcn.com\/wp-content\/uploads\/2023\/10\/logo-saloni.png 500w\" sizes=\"(max-width: 300px) 100vw, 300px\" \/><\/figure>\n\n\n\n<figure class=\"wp-block-image size-logo\"><img loading=\"lazy\" decoding=\"async\" width=\"300\" height=\"68\" src=\"https:\/\/neoformabcn.com\/wp-content\/uploads\/2023\/10\/siemens-logo-300x68.png\" alt=\"\" class=\"wp-image-176\" srcset=\"https:\/\/neoformabcn.com\/wp-content\/uploads\/2023\/10\/siemens-logo-300x68.png 300w, https:\/\/neoformabcn.com\/wp-content\/uploads\/2023\/10\/siemens-logo-400x90.png 400w, https:\/\/neoformabcn.com\/wp-content\/uploads\/2023\/10\/siemens-logo.png 638w\" sizes=\"(max-width: 300px) 100vw, 300px\" \/><\/figure>\n\n\n\n<figure class=\"wp-block-image size-logo\"><img loading=\"lazy\" decoding=\"async\" width=\"300\" height=\"256\" src=\"https:\/\/neoformabcn.com\/wp-content\/uploads\/2023\/10\/silestone-300x256.png\" alt=\"\" class=\"wp-image-178\" srcset=\"https:\/\/neoformabcn.com\/wp-content\/uploads\/2023\/10\/silestone-300x256.png 300w, https:\/\/neoformabcn.com\/wp-content\/uploads\/2023\/10\/silestone-317x270.png 317w, https:\/\/neoformabcn.com\/wp-content\/uploads\/2023\/10\/silestone-768x655.png 768w, https:\/\/neoformabcn.com\/wp-content\/uploads\/2023\/10\/silestone.png 1164w\" sizes=\"(max-width: 300px) 100vw, 300px\" \/><\/figure>\n\n\n\n<figure class=\"wp-block-image size-full\"><img loading=\"lazy\" decoding=\"async\" width=\"296\" height=\"170\" src=\"https:\/\/neoformabcn.com\/wp-content\/uploads\/2023\/10\/tau-ceramina.png\" alt=\"\" class=\"wp-image-180\"\/><\/figure>\n\n\n\n<figure class=\"wp-block-image size-logo\"><img loading=\"lazy\" decoding=\"async\" width=\"300\" height=\"81\" src=\"https:\/\/neoformabcn.com\/wp-content\/uploads\/2023\/10\/teka-300x81.png\" alt=\"\" class=\"wp-image-182\" srcset=\"https:\/\/neoformabcn.com\/wp-content\/uploads\/2023\/10\/teka-300x81.png 300w, https:\/\/neoformabcn.com\/wp-content\/uploads\/2023\/10\/teka-400x108.png 400w, https:\/\/neoformabcn.com\/wp-content\/uploads\/2023\/10\/teka-768x207.png 768w, https:\/\/neoformabcn.com\/wp-content\/uploads\/2023\/10\/teka.png 850w\" sizes=\"(max-width: 300px) 100vw, 300px\" \/><\/figure>\n\n\n\n<figure class=\"wp-block-image size-logo\"><img loading=\"lazy\" decoding=\"async\" width=\"300\" height=\"128\" src=\"https:\/\/neoformabcn.com\/wp-content\/uploads\/2023\/10\/logo-roca-300x128.png\" alt=\"\" class=\"wp-image-184\" srcset=\"https:\/\/neoformabcn.com\/wp-content\/uploads\/2023\/10\/logo-roca-300x128.png 300w, https:\/\/neoformabcn.com\/wp-content\/uploads\/2023\/10\/logo-roca-400x170.png 400w, https:\/\/neoformabcn.com\/wp-content\/uploads\/2023\/10\/logo-roca.png 766w\" sizes=\"(max-width: 300px) 100vw, 300px\" \/><\/figure>\n<\/figure>\n<\/div>\n<\/div>\n\n\n","protected":false},"excerpt":{"rendered":"<p>Materiales Todo lo que necesites por tu hogar. Electrodom\u00e9sticos, sanitarios, grifos, cer\u00e1mica, gres de todo tipo, piedras, m\u00e1rmol, granito, silestone, iluminaci\u00f3n, parqu\u00e9, &#8230; de todas las marcas y calidades del mercado actual.<\/p>\n","protected":false},"author":1,"featured_media":0,"parent":0,"menu_order":7,"comment_status":"closed","ping_status":"closed","template":"","meta":{"_seopress_robots_primary_cat":"","_seopress_titles_title":"","_seopress_titles_desc":"","_seopress_robots_index":"","inline_featured_image":false,"footnotes":""},"_links":{"self":[{"href":"https:\/\/neoformabcn.com\/es\/wp-json\/wp\/v2\/pages\/224"}],"collection":[{"href":"https:\/\/neoformabcn.com\/es\/wp-json\/wp\/v2\/pages"}],"about":[{"href":"https:\/\/neoformabcn.com\/es\/wp-json\/wp\/v2\/types\/page"}],"author":[{"embeddable":true,"href":"https:\/\/neoformabcn.com\/es\/wp-json\/wp\/v2\/users\/1"}],"replies":[{"embeddable":true,"href":"https:\/\/neoformabcn.com\/es\/wp-json\/wp\/v2\/comments?post=224"}],"version-history":[{"count":0,"href":"https:\/\/neoformabcn.com\/es\/wp-json\/wp\/v2\/pages\/224\/revisions"}],"wp:attachment":[{"href":"https:\/\/neoformabcn.com\/es\/wp-json\/wp\/v2\/media?parent=224"}],"curies":[{"name":"wp","href":"https:\/\/api.w.org\/{rel}","templated":true}]}}